{"id":1596,"date":"2024-04-20T19:02:22","date_gmt":"2024-04-20T19:02:22","guid":{"rendered":"https:\/\/aquagenius.eu\/?page_id=1596"},"modified":"2024-06-24T12:44:46","modified_gmt":"2024-06-24T12:44:46","slug":"quiz","status":"publish","type":"page","link":"https:\/\/aquagenius.eu\/fr\/quiz\/","title":{"rendered":"Quiz"},"content":{"rendered":"<div data-elementor-type=\"wp-page\" data-elementor-id=\"1596\" class=\"elementor elementor-1596\" data-elementor-post-type=\"page\">\n\t\t\t\t<div data-particle_enable=\"false\" data-particle-mobile-disabled=\"false\" class=\"elementor-element elementor-element-be7870b e-flex e-con-boxed e-con e-parent\" data-id=\"be7870b\" data-element_type=\"container\" data-settings=\"{&quot;background_background&quot;:&quot;classic&quot;}\">\n\t\t\t\t\t<div class=\"e-con-inner\">\n\t\t\t\t<div class=\"elementor-element elementor-element-c36a31b elementor-invisible elementor-widget elementor-widget-heading\" data-id=\"c36a31b\" data-element_type=\"widget\" data-settings=\"{&quot;_animation&quot;:&quot;slideInUp&quot;}\" data-widget_type=\"heading.default\">\n\t\t\t\t<div class=\"elementor-widget-container\">\n\t\t\t\t\t<h2 class=\"elementor-heading-title elementor-size-default\">Quiz<\/h2>\t\t\t\t<\/div>\n\t\t\t\t<\/div>\n\t\t\t\t\t<\/div>\n\t\t\t\t<\/div>\n\t\t<div data-particle_enable=\"false\" data-particle-mobile-disabled=\"false\" class=\"elementor-element elementor-element-8cc7bd6 e-flex e-con-boxed elementor-invisible e-con e-parent\" data-id=\"8cc7bd6\" data-element_type=\"container\" data-settings=\"{&quot;animation&quot;:&quot;fadeInUp&quot;}\">\n\t\t\t\t\t<div class=\"e-con-inner\">\n\t\t\t\t<div class=\"elementor-element elementor-element-51ba4c9 elementor-widget elementor-widget-heading\" data-id=\"51ba4c9\" data-element_type=\"widget\" data-widget_type=\"heading.default\">\n\t\t\t\t<div class=\"elementor-widget-container\">\n\t\t\t\t\t<h2 class=\"elementor-heading-title elementor-size-default translation-block\">Trouvons votre bouteille d'Eau Intelligente<br> AQUAGENIUS Parfaite !<\/h2>\t\t\t\t<\/div>\n\t\t\t\t<\/div>\n\t\t\t\t<div class=\"elementor-element elementor-element-efb33e1 elementor-widget elementor-widget-heading\" data-id=\"efb33e1\" data-element_type=\"widget\" data-widget_type=\"heading.default\">\n\t\t\t\t<div class=\"elementor-widget-container\">\n\t\t\t\t\t<h2 class=\"elementor-heading-title elementor-size-default\">R\u00e9pondez \u00e0 quelques questions rapides pour commencer.<\/h2>\t\t\t\t<\/div>\n\t\t\t\t<\/div>\n\t\t\t\t\t<\/div>\n\t\t\t\t<\/div>\n\t\t<div data-particle_enable=\"false\" data-particle-mobile-disabled=\"false\" class=\"elementor-element elementor-element-11dd563 e-flex e-con-boxed elementor-invisible e-con e-parent\" data-id=\"11dd563\" data-element_type=\"container\" data-settings=\"{&quot;animation&quot;:&quot;fadeInUp&quot;}\">\n\t\t\t\t\t<div class=\"e-con-inner\">\n\t\t\t\t<div class=\"elementor-element elementor-element-de11fa4 elementor-widget elementor-widget-shortcode\" data-id=\"de11fa4\" data-element_type=\"widget\" data-widget_type=\"shortcode.default\">\n\t\t\t\t<div class=\"elementor-widget-container\">\n\t\t\t\t\t\t\t<div class=\"elementor-shortcode\"><div class=\"frm_forms  with_frm_style frm_style_custom-aquagenius-style\" id=\"frm_form_2_container\" data-token=\"c95b84ff5a2065faa068528b00a65450\">\n<form enctype=\"multipart\/form-data\" method=\"post\" class=\"frm-show-form  frm_js_validate  frm_ajax_submit  frm_pro_form  frm_slidein\" id=\"form_aquagenius-bottle-selection-guide\" data-token=\"c95b84ff5a2065faa068528b00a65450\" action=\"\">\n<div class=\"frm_form_fields  frm_page_num_1\">\n<fieldset>\n<legend class=\"frm_screen_reader\">Guide de s\u00e9lection des bouteilles AQUAGENIUS<\/legend>\r\n\r\n<div class=\"frm_fields_container\">\n<div class=\"frm_rootline_group\" role=\"group\" tabindex=\"0\" aria-label=\"Page 1 of 6\" ><ul class=\"frm_page_bar frm_rootline_6 frm_progress frm_progress_line frm_no_numbers\"><li class=\"frm_rootline_single frm_current_page\"><input type=\"button\" value=\"1\" data-page=\"\" class=\"frm_page_1\" aria-disabled=\"true\" data-field=\"0\" aria-label=\"Page 1\"  \/><\/li><li class=\"frm_rootline_single\"><input type=\"button\" value=\"2\" data-page=\"10\" class=\"frm_page_skip frm_page_2\" data-field=\"17\" aria-label=\"Suivant\"  \/><\/li><li class=\"frm_rootline_single\"><input type=\"button\" value=\"3\" data-page=\"20\" class=\"frm_page_skip frm_page_3\" data-field=\"18\" aria-label=\"Suivant\"  \/><\/li><li class=\"frm_rootline_single\"><input type=\"button\" value=\"4\" data-page=\"30\" class=\"frm_page_skip frm_page_4\" data-field=\"21\" aria-label=\"Suivant\"  \/><\/li><li class=\"frm_rootline_single\"><input type=\"button\" value=\"5\" data-page=\"40\" class=\"frm_page_skip frm_page_5\" data-field=\"24\" aria-label=\"Suivant\"  \/><\/li><li class=\"frm_rootline_single\"><input type=\"button\" value=\"6\" data-page=\"50\" class=\"frm_page_skip frm_page_6\" data-field=\"28\" aria-label=\"Suivant\"  \/><\/li><\/ul><div class=\"frm_clearfix\"><\/div><\/div><input type=\"hidden\" name=\"frm_action\" value=\"create\" \/>\n<input type=\"hidden\" name=\"form_id\" value=\"2\" \/>\n<input type=\"hidden\" name=\"frm_hide_fields_2\" id=\"frm_hide_fields_2\" value=\"\" \/>\n<input type=\"hidden\" name=\"form_key\" value=\"aquagenius-bottle-selection-guide\" \/>\n<input type=\"hidden\" name=\"item_meta[0]\" value=\"\" \/>\n<input type=\"hidden\" id=\"frm_submit_entry_2\" name=\"frm_submit_entry_2\" value=\"26e196d001\" \/><input type=\"hidden\" name=\"_wp_http_referer\" value=\"\/fr\/wp-json\/wp\/v2\/pages\/1596\" \/><div id=\"frm_field_15_container\" class=\"frm_form_field form-field  frm_required_field frm_top_container vertical_radio\">\r\n\t<div  id=\"field_bo8kk_label\" class=\"frm_primary_label\">Question 1\u00a0:\u00a0Comment comptez-vous principalement utiliser votre bouteille d'eau\u00a0?\r\n\t\t<span class=\"frm_required\" aria-hidden=\"true\">*<\/span>\r\n\t<\/div>\r\n\t<div class=\"frm_opt_container\" aria-labelledby=\"field_bo8kk_label\" role=\"radiogroup\" aria-required=\"true\">\t\t<div class=\"frm_radio\" id=\"frm_radio_15-0\">\t\t\t<label  for=\"field_bo8kk-0\">\n\t\t\t\t\t<input type=\"radio\" name=\"item_meta[15]\" id=\"field_bo8kk-0\" value=\"q1ans1\"\n\t\t   data-reqmsg=\"Question 1: How do you primarily plan to use your water bottle? cannot be blank.\" data-invmsg=\"Question 1: How do you primarily plan to use your water bottle? est non valide\" aria-invalid=\"false\"  \/> \u00c0 la maison ou au bureau ou lors d'activit\u00e9s physiques ou \u00e0 la salle de sport<\/label><\/div>\n\t\t<div class=\"frm_radio\" id=\"frm_radio_15-3\">\t\t\t<label  for=\"field_bo8kk-3\">\n\t\t\t\t\t<input type=\"radio\" name=\"item_meta[15]\" id=\"field_bo8kk-3\" value=\"q1ans2\"\n\t\t   data-reqmsg=\"Question 1: How do you primarily plan to use your water bottle? cannot be blank.\" data-invmsg=\"Question 1: How do you primarily plan to use your water bottle? est non valide\" aria-invalid=\"false\"  \/> Lors d'activit\u00e9s physiques ou \u00e0 la salle de sport.<\/label><\/div>\n\t\t<div class=\"frm_radio\" id=\"frm_radio_15-2\">\t\t\t<label  for=\"field_bo8kk-2\">\n\t\t\t\t\t<input type=\"radio\" name=\"item_meta[15]\" id=\"field_bo8kk-2\" value=\"q1ans3\"\n\t\t   data-reqmsg=\"Question 1: How do you primarily plan to use your water bottle? cannot be blank.\" data-invmsg=\"Question 1: How do you primarily plan to use your water bottle? est non valide\" aria-invalid=\"false\"  \/> Pour les aventures en plein air et les voyages.<\/label><\/div>\n<\/div>\r\n\t\r\n\t\r\n<\/div>\n<input type=\"hidden\" name=\"item_meta[43]\" id=\"field_2cxl1\" value=\"\"     \/>\n<input type=\"hidden\" name=\"item_meta[44]\" id=\"field_cz9k9\" value=\"\"     \/>\n<input type=\"hidden\" name=\"item_meta[45]\" id=\"field_dptow\" value=\"\"     \/>\n<input type=\"hidden\" name=\"frm_page_order_2\" id=\"frm_page_order_2\" value=\"10\" \/><input type=\"hidden\" name=\"item_meta[16]\" id=\"field_63hsu-0\" value=\"\"     \/>\n<input type=\"hidden\" name=\"item_meta[46]\" id=\"field_k7uc5\" value=\"\"     \/>\n<input type=\"hidden\" name=\"item_meta[47]\" id=\"field_9h76b\" value=\"\"     \/>\n<input type=\"hidden\" name=\"item_meta[48]\" id=\"field_n9ncw\" value=\"\"     \/>\n<input type=\"hidden\" name=\"item_meta[18]\" id=\"field_54bw0\" value=\"\"     \/>\n<input type=\"hidden\" name=\"item_meta[20]\" id=\"field_e4wm-0\" value=\"\"     \/>\n<input type=\"hidden\" name=\"item_meta[49]\" id=\"field_vkfj3\" value=\"\"     \/>\n<input type=\"hidden\" name=\"item_meta[50]\" id=\"field_tgajk\" value=\"\"     \/>\n<input type=\"hidden\" name=\"item_meta[51]\" id=\"field_s5pgf\" value=\"\"     \/>\n<input type=\"hidden\" name=\"item_meta[21]\" id=\"field_1l4oq\" value=\"\"     \/>\n<input type=\"hidden\" name=\"item_meta[23]\" id=\"field_500n4-0\" value=\"\"     \/>\n<input type=\"hidden\" name=\"item_meta[52]\" id=\"field_qoat1\" value=\"\"     \/>\n<input type=\"hidden\" name=\"item_meta[53]\" id=\"field_sxljy\" value=\"\"     \/>\n<input type=\"hidden\" name=\"item_meta[54]\" id=\"field_ebhpk\" value=\"\"     \/>\n<input type=\"hidden\" name=\"item_meta[24]\" id=\"field_m75b1\" value=\"\"     \/>\n<input type=\"hidden\" name=\"item_meta[25]\" id=\"field_ktj65-0\" value=\"\"     \/>\n<input type=\"hidden\" name=\"item_meta[55]\" id=\"field_fer2b\" value=\"\"     \/>\n<input type=\"hidden\" name=\"item_meta[56]\" id=\"field_hildx\" value=\"\"     \/>\n<input type=\"hidden\" name=\"item_meta[57]\" id=\"field_z3ig5\" value=\"\"     \/>\n<input type=\"hidden\" name=\"item_meta[28]\" id=\"field_d4xd7\" value=\"\"     \/>\n<input type=\"hidden\" name=\"item_meta[29]\" id=\"field_p8baq-0\" value=\"\"     \/>\n<input type=\"hidden\" name=\"item_meta[58]\" id=\"field_j9763\" value=\"\"     \/>\n<input type=\"hidden\" name=\"item_meta[59]\" id=\"field_xkpxp\" value=\"\"     \/>\n<input type=\"hidden\" name=\"item_meta[60]\" id=\"field_f7kh4\" value=\"\"     \/>\n<input type=\"hidden\" name=\"item_meta[61]\" id=\"field_totalactivehydrate\" value=\"\"     \/>\n<input type=\"hidden\" name=\"item_meta[62]\" id=\"field_totalglobehydrate500\" value=\"\"     \/>\n<input type=\"hidden\" name=\"item_meta[63]\" id=\"field_totalglobehydrate750\" value=\"\"     \/>\n<input type=\"hidden\" name=\"item_meta[13]\" id=\"field_u84lg\" value=\"\"     \/>\n\t<input type=\"hidden\" name=\"item_key\" value=\"\" \/>\n\t\t\t<div id=\"frm_field_64_container\">\n\t\t\t<label for=\"field_e0aqa\" >\n\t\t\t\tSi vous \u00eates un humain, ne remplissez pas ce champ.\t\t\t<\/label>\n\t\t\t<input  id=\"field_e0aqa\" type=\"text\" class=\"frm_form_field form-field frm_verify\" name=\"item_meta[64]\" value=\"\"  \/>\n\t\t<\/div>\n\t\t<input name=\"frm_state\" type=\"hidden\" value=\"1fnjwG4\/RuthRIw7\/iXPJMY1dHpBLLkruC5AIc5peXPQvGvrLZGpNEPPXYsRO0KP\" \/><div class=\"frm_submit\">\r\n\r\n<button class=\"frm_button_submit\" type=\"submit\"  >Suivant<\/button>\r\n\r\n<\/div><\/div>\n<\/fieldset>\n<\/div>\n\n<input type=\"hidden\" name=\"trp-form-language\" value=\"fr\"\/><\/form>\n<\/div>\n<\/div>\n\t\t\t\t\t\t<\/div>\n\t\t\t\t<\/div>\n\t\t\t\t\t<\/div>\n\t\t\t\t<\/div>\n\t\t\t\t<\/div>","protected":false},"excerpt":{"rendered":"<p>Quiz Let&#8217;s find your perfect AQUAGENIUS bottle! Answer a few quick questions to get started.<\/p>","protected":false},"author":1,"featured_media":0,"parent":0,"menu_order":0,"comment_status":"closed","ping_status":"closed","template":"elementor_header_footer","meta":{"_acf_changed":false,"_uag_custom_page_level_css":"","footnotes":""},"class_list":["post-1596","page","type-page","status-publish","hentry"],"acf":[],"yoast_head":"<!-- This site is optimized with the Yoast SEO plugin v25.6 - https:\/\/yoast.com\/wordpress\/plugins\/seo\/ -->\n<title>Quiz - Aquagenius<\/title>\n<meta name=\"description\" content=\"Dive into the ultimate Quiz - Aquagenius challenge! Test your knowledge on water facts and science. Play now and become a water expert!\" \/>\n<meta name=\"robots\" content=\"index, follow, max-snippet:-1, max-image-preview:large, max-video-preview:-1\" \/>\n<link rel=\"canonical\" href=\"https:\/\/aquagenius.eu\/fr\/quiz\/\" \/>\n<meta property=\"og:locale\" content=\"fr_FR\" \/>\n<meta property=\"og:type\" content=\"article\" \/>\n<meta property=\"og:title\" content=\"Quiz - Aquagenius\" \/>\n<meta property=\"og:description\" content=\"Dive into the ultimate Quiz - Aquagenius challenge! Test your knowledge on water facts and science. Play now and become a water expert!\" \/>\n<meta property=\"og:url\" content=\"https:\/\/aquagenius.eu\/fr\/quiz\/\" \/>\n<meta property=\"og:site_name\" content=\"AQUAGENIUS\" \/>\n<meta property=\"article:modified_time\" content=\"2024-06-24T12:44:46+00:00\" \/>\n<meta name=\"twitter:card\" content=\"summary_large_image\" \/>\n<meta name=\"twitter:label1\" content=\"Dur\u00e9e de lecture estim\u00e9e\" \/>\n\t<meta name=\"twitter:data1\" content=\"1 minute\" \/>\n<script type=\"application\/ld+json\" class=\"yoast-schema-graph\">{\"@context\":\"https:\/\/schema.org\",\"@graph\":[{\"@type\":\"WebPage\",\"@id\":\"https:\/\/aquagenius.eu\/quiz\/\",\"url\":\"https:\/\/aquagenius.eu\/quiz\/\",\"name\":\"Quiz - Aquagenius\",\"isPartOf\":{\"@id\":\"https:\/\/aquagenius.eu\/#website\"},\"datePublished\":\"2024-04-20T19:02:22+00:00\",\"dateModified\":\"2024-06-24T12:44:46+00:00\",\"description\":\"Dive into the ultimate Quiz - Aquagenius challenge! Test your knowledge on water facts and science. Play now and become a water expert!\",\"breadcrumb\":{\"@id\":\"https:\/\/aquagenius.eu\/quiz\/#breadcrumb\"},\"inLanguage\":\"fr-FR\",\"potentialAction\":[{\"@type\":\"ReadAction\",\"target\":[\"https:\/\/aquagenius.eu\/quiz\/\"]}]},{\"@type\":\"BreadcrumbList\",\"@id\":\"https:\/\/aquagenius.eu\/quiz\/#breadcrumb\",\"itemListElement\":[{\"@type\":\"ListItem\",\"position\":1,\"name\":\"Home\",\"item\":\"https:\/\/aquagenius.eu\/\"},{\"@type\":\"ListItem\",\"position\":2,\"name\":\"Quiz\"}]},{\"@type\":\"WebSite\",\"@id\":\"https:\/\/aquagenius.eu\/#website\",\"url\":\"https:\/\/aquagenius.eu\/\",\"name\":\"AQUAGENIUS\",\"description\":\"\",\"publisher\":{\"@id\":\"https:\/\/aquagenius.eu\/#organization\"},\"potentialAction\":[{\"@type\":\"SearchAction\",\"target\":{\"@type\":\"EntryPoint\",\"urlTemplate\":\"https:\/\/aquagenius.eu\/?s={search_term_string}\"},\"query-input\":{\"@type\":\"PropertyValueSpecification\",\"valueRequired\":true,\"valueName\":\"search_term_string\"}}],\"inLanguage\":\"fr-FR\"},{\"@type\":\"Organization\",\"@id\":\"https:\/\/aquagenius.eu\/#organization\",\"name\":\"AQUAGENIUS\",\"url\":\"https:\/\/aquagenius.eu\/\",\"logo\":{\"@type\":\"ImageObject\",\"inLanguage\":\"fr-FR\",\"@id\":\"https:\/\/aquagenius.eu\/#\/schema\/logo\/image\/\",\"url\":\"https:\/\/aquagenius.eu\/wp-content\/uploads\/2024\/04\/Group-14673.svg\",\"contentUrl\":\"https:\/\/aquagenius.eu\/wp-content\/uploads\/2024\/04\/Group-14673.svg\",\"width\":176,\"height\":65,\"caption\":\"AQUAGENIUS\"},\"image\":{\"@id\":\"https:\/\/aquagenius.eu\/#\/schema\/logo\/image\/\"}}]}<\/script>\n<!-- \/ Yoast SEO plugin. -->","yoast_head_json":{"title":"Quiz - Aquagenius","description":"Dive into the ultimate Quiz - Aquagenius challenge! Test your knowledge on water facts and science. Play now and become a water expert!","robots":{"index":"index","follow":"follow","max-snippet":"max-snippet:-1","max-image-preview":"max-image-preview:large","max-video-preview":"max-video-preview:-1"},"canonical":"https:\/\/aquagenius.eu\/fr\/quiz\/","og_locale":"fr_FR","og_type":"article","og_title":"Quiz - Aquagenius","og_description":"Dive into the ultimate Quiz - Aquagenius challenge! Test your knowledge on water facts and science. Play now and become a water expert!","og_url":"https:\/\/aquagenius.eu\/fr\/quiz\/","og_site_name":"AQUAGENIUS","article_modified_time":"2024-06-24T12:44:46+00:00","twitter_card":"summary_large_image","twitter_misc":{"Dur\u00e9e de lecture estim\u00e9e":"1 minute"},"schema":{"@context":"https:\/\/schema.org","@graph":[{"@type":"WebPage","@id":"https:\/\/aquagenius.eu\/quiz\/","url":"https:\/\/aquagenius.eu\/quiz\/","name":"Quiz - Aquagenius","isPartOf":{"@id":"https:\/\/aquagenius.eu\/#website"},"datePublished":"2024-04-20T19:02:22+00:00","dateModified":"2024-06-24T12:44:46+00:00","description":"Dive into the ultimate Quiz - Aquagenius challenge! Test your knowledge on water facts and science. Play now and become a water expert!","breadcrumb":{"@id":"https:\/\/aquagenius.eu\/quiz\/#breadcrumb"},"inLanguage":"fr-FR","potentialAction":[{"@type":"ReadAction","target":["https:\/\/aquagenius.eu\/quiz\/"]}]},{"@type":"BreadcrumbList","@id":"https:\/\/aquagenius.eu\/quiz\/#breadcrumb","itemListElement":[{"@type":"ListItem","position":1,"name":"Home","item":"https:\/\/aquagenius.eu\/"},{"@type":"ListItem","position":2,"name":"Quiz"}]},{"@type":"WebSite","@id":"https:\/\/aquagenius.eu\/#website","url":"https:\/\/aquagenius.eu\/","name":"AQUAGENIUS","description":"","publisher":{"@id":"https:\/\/aquagenius.eu\/#organization"},"potentialAction":[{"@type":"SearchAction","target":{"@type":"EntryPoint","urlTemplate":"https:\/\/aquagenius.eu\/?s={search_term_string}"},"query-input":{"@type":"PropertyValueSpecification","valueRequired":true,"valueName":"search_term_string"}}],"inLanguage":"fr-FR"},{"@type":"Organization","@id":"https:\/\/aquagenius.eu\/#organization","name":"AQUAGENIUS","url":"https:\/\/aquagenius.eu\/","logo":{"@type":"ImageObject","inLanguage":"fr-FR","@id":"https:\/\/aquagenius.eu\/#\/schema\/logo\/image\/","url":"https:\/\/aquagenius.eu\/wp-content\/uploads\/2024\/04\/Group-14673.svg","contentUrl":"https:\/\/aquagenius.eu\/wp-content\/uploads\/2024\/04\/Group-14673.svg","width":176,"height":65,"caption":"AQUAGENIUS"},"image":{"@id":"https:\/\/aquagenius.eu\/#\/schema\/logo\/image\/"}}]}},"uagb_featured_image_src":{"full":false,"thumbnail":false,"medium":false,"medium_large":false,"large":false,"1536x1536":false,"2048x2048":false,"trp-custom-language-flag":false,"wpgs_custom_main":false,"gform-image-choice-sm":false,"gform-image-choice-md":false,"gform-image-choice-lg":false,"woocommerce_thumbnail":false,"woocommerce_single":false,"woocommerce_gallery_thumbnail":false,"variation_swatches_image_size":false,"variation_swatches_tooltip_size":false},"uagb_author_info":{"display_name":"admin","author_link":"https:\/\/aquagenius.eu\/fr\/author\/admin\/"},"uagb_comment_info":0,"uagb_excerpt":"Quiz Let&#8217;s find your perfect AQUAGENIUS bottle! Answer a few quick questions to get started.","_links":{"self":[{"href":"https:\/\/aquagenius.eu\/fr\/wp-json\/wp\/v2\/pages\/1596","targetHints":{"allow":["GET"]}}],"collection":[{"href":"https:\/\/aquagenius.eu\/fr\/wp-json\/wp\/v2\/pages"}],"about":[{"href":"https:\/\/aquagenius.eu\/fr\/wp-json\/wp\/v2\/types\/page"}],"author":[{"embeddable":true,"href":"https:\/\/aquagenius.eu\/fr\/wp-json\/wp\/v2\/users\/1"}],"replies":[{"embeddable":true,"href":"https:\/\/aquagenius.eu\/fr\/wp-json\/wp\/v2\/comments?post=1596"}],"version-history":[{"count":0,"href":"https:\/\/aquagenius.eu\/fr\/wp-json\/wp\/v2\/pages\/1596\/revisions"}],"wp:attachment":[{"href":"https:\/\/aquagenius.eu\/fr\/wp-json\/wp\/v2\/media?parent=1596"}],"curies":[{"name":"wp","href":"https:\/\/api.w.org\/{rel}","templated":true}]}}