{"id":25,"date":"2024-04-08T10:57:09","date_gmt":"2024-04-08T10:57:09","guid":{"rendered":"https:\/\/aquagenius.eu\/my-account\/"},"modified":"2024-08-14T15:56:34","modified_gmt":"2024-08-14T15:56:34","slug":"my-account","status":"publish","type":"page","link":"https:\/\/aquagenius.eu\/fr\/my-account\/","title":{"rendered":"My account"},"content":{"rendered":"<div data-elementor-type=\"wp-page\" data-elementor-id=\"25\" class=\"elementor elementor-25\" data-elementor-post-type=\"page\">\n\t\t\t\t<div data-particle_enable=\"false\" data-particle-mobile-disabled=\"false\" class=\"elementor-element elementor-element-b367b2f e-flex e-con-boxed e-con e-parent\" data-id=\"b367b2f\" data-element_type=\"container\">\n\t\t\t\t\t<div class=\"e-con-inner\">\n\t\t\t\t<div class=\"elementor-element elementor-element-3122fdf elementor-widget elementor-widget-eael-woo-account-dashboard\" data-id=\"3122fdf\" data-element_type=\"widget\" data-settings=\"{&quot;eael_account_dashboard_table_header_column_alignment&quot;:&quot;left&quot;,&quot;eael_account_dashboard_table_body_column_alignment&quot;:&quot;left&quot;}\" data-widget_type=\"eael-woo-account-dashboard.default\">\n\t\t\t\t<div class=\"elementor-widget-container\">\n\t\t\t\t\t\n        <div class=\"eael-account-dashboard-wrap\">\n            <div class=\"eael-account-dashboard-wrapper preset-3\">\n    <div class=\"eael-account-dashboard-body\">\n        <div class=\"eael-account-dashboard-container\">\n            \t\t<div class=\"eael-account-dashboard-navbar eael-d-none\">\n\t\t\t\n<nav class=\"woocommerce-MyAccount-navigation\" aria-label=\"Pages du compte\" data-no-translation-aria-label=\"\">\n\t<ul>\n\t\t\t\t\t<li class=\"woocommerce-MyAccount-navigation-link woocommerce-MyAccount-navigation-link--dashboard\">\n\t\t\t\t<a href=\"https:\/\/aquagenius.eu\/fr\/my-account\/\" >\n\t\t\t\t\tTableau de bord\t\t\t\t<\/a>\n\t\t\t<\/li>\n\t\t\t\t\t<li class=\"woocommerce-MyAccount-navigation-link woocommerce-MyAccount-navigation-link--orders\">\n\t\t\t\t<a href=\"https:\/\/aquagenius.eu\/fr\/my-account\/orders\/\" >\n\t\t\t\t\tCommandes\t\t\t\t<\/a>\n\t\t\t<\/li>\n\t\t\t\t\t<li class=\"woocommerce-MyAccount-navigation-link woocommerce-MyAccount-navigation-link--downloads\">\n\t\t\t\t<a href=\"https:\/\/aquagenius.eu\/fr\/my-account\/downloads\/\" >\n\t\t\t\t\tT\u00e9l\u00e9chargements\t\t\t\t<\/a>\n\t\t\t<\/li>\n\t\t\t\t\t<li class=\"woocommerce-MyAccount-navigation-link woocommerce-MyAccount-navigation-link--edit-address\">\n\t\t\t\t<a href=\"https:\/\/aquagenius.eu\/fr\/my-account\/edit-address\/\" >\n\t\t\t\t\tAdresses\t\t\t\t<\/a>\n\t\t\t<\/li>\n\t\t\t\t\t<li class=\"woocommerce-MyAccount-navigation-link woocommerce-MyAccount-navigation-link--edit-account\">\n\t\t\t\t<a href=\"https:\/\/aquagenius.eu\/fr\/my-account\/edit-account\/\" >\n\t\t\t\t\tD\u00e9tails du compte\t\t\t\t<\/a>\n\t\t\t<\/li>\n\t\t\t\t\t<li class=\"woocommerce-MyAccount-navigation-link woocommerce-MyAccount-navigation-link--customer-logout\">\n\t\t\t\t<a href=\"https:\/\/aquagenius.eu\/fr\/my-account\/customer-logout\/?_wpnonce=d78a71f475\" >\n\t\t\t\t\tD\u00e9connexion\t\t\t\t<\/a>\n\t\t\t<\/li>\n\t\t\t\t\t<li class=\"woocommerce-MyAccount-navigation-link woocommerce-MyAccount-navigation-link--payment-methods\">\n\t\t\t\t<a href=\"https:\/\/aquagenius.eu\/fr\/my-account\/payment-methods\/\" >\n\t\t\t\t\tMoyens de paiement\t\t\t\t<\/a>\n\t\t\t<\/li>\n\t\t\t<\/ul>\n<\/nav>\n\n\n\t\t\t\t\t<\/div>\n\t\t            \t\t<div class=\"eael-account-dashboard-content\">\n\t\t\t<div class=\"woocommerce\">\n<div id=\"otp-popup\" style=\"display: none;\" class=\"cev-authorization-grid__visual\">\n\t<div class=\"otp_popup_inn\">\n\t\t<div class=\"otp_content\">\n\t\t\t<div class=\"cev-authorization-grid__visual\">\n\t\t\t\t<div class=\"cev-authorization-grid__holder\">\n\t\t\t\t\t<div class=\"cev-authorization-grid__inner\" style=\"max-width: 650;\">\n\t\t\t\t\t\t\t\t\t\t\t\t\t<div class=\"cev-authorization\" style=\"background: #ffffff;\">\n\n\t\t\t\t\t\t\t<section class=\"cev-authorization__holder\" style=\"text-align: Center; padding: 30px;\">\n\t\t\t\t\t\t\t\t<div class=\"back_btn\">\n\t\t\t\t\t\t\t\t\t<svg fill=\"#000000\" version=\"1.1\" viewbox=\"-6.07 -6.07 72.87 72.87\" xmlns=\"http:\/\/www.w3.org\/2000\/svg\"><polygon points=\"0,30.365 29.737,60.105 29.737,42.733 60.731,42.729 60.731,18.001 29.737,17.999 29.737,0.625\"><\/polygon><\/svg>\n\t\t\t\t\t\t\t\t<\/div>\n\t\t\t\t\t\t\t\t<div class=\"popup_image\">\n\t\t\t\t\t\t\t\t\t\t\t\t\t\t\t\t\t\t\t<img decoding=\"async\" src=\"https:\/\/aquagenius.eu\/wp-content\/uploads\/2024\/06\/Group-14673-1.png\" style=\"width:200px;\">\n\t\t\t\t\t\t\t\t\t\t\t\t\t\t\t\t\t<\/div>\n\n\t\t\t\t\t\t\t\t<div class=\"cev-authorization__heading\">\n\t\t\t\t\t\t\t\t\t<span class=\"cev-authorization__title\" style=\"font-size: 30px;\">\n\t\t\t\t\t\t\t\t\t\tV\u00e9rifiez qu'il s'agit bien de vous.\t\t\t\t\t\t\t\t\t<\/span>\n\t\t\t\t\t\t\t\t\t<span class=\"cev-authorization__description\" style=\"text-align:Center;\">\n\t\t\t\t\t\t\t\t\t\tNous avons envoy\u00e9 le code de v\u00e9rification. Pour v\u00e9rifier votre adresse \u00e9lectronique, veuillez consulter votre bo\u00eete de r\u00e9ception et saisir le code ci-dessous.\t\t\t\t\t\t\t\t\t<\/span>\n\t\t\t\t\t\t\t\t<\/div>\n\n\t\t\t\t\t\t\t\t\t\t\t\t\t\t\t\t<div class=\"otp-container\">\n\t\t\t\t\t\t\t\t\t\t\t\t\t\t\t\t\t\t\t<input type=\"text\" maxlength=\"1\" class=\"otp-input\" id=\"otp_input_1\" \/>\n\t\t\t\t\t\t\t\t\t\t\t\t\t\t\t\t\t\t\t<input type=\"text\" maxlength=\"1\" class=\"otp-input\" id=\"otp_input_2\" \/>\n\t\t\t\t\t\t\t\t\t\t\t\t\t\t\t\t\t\t\t<input type=\"text\" maxlength=\"1\" class=\"otp-input\" id=\"otp_input_3\" \/>\n\t\t\t\t\t\t\t\t\t\t\t\t\t\t\t\t\t\t\t<input type=\"text\" maxlength=\"1\" class=\"otp-input\" id=\"otp_input_4\" \/>\n\t\t\t\t\t\t\t\t\t\t\t\t\t\t\t\t\t<\/div>\n\n\t\t\t\t\t\t\t\t<div class=\"error_mesg\"><\/div>\t\n\t\t\t\t\t\t\t\t<input type=\"hidden\" value=\"1\" name=\"cev_enable_email_verification_popup\" id=\"cev_enable_email_verification_popup\">\n\t\t\t\t\t\t\t\t<input type=\"hidden\" value=\"no\" name=\"password_setup_link_enabled\" id=\"password_setup_link_enabled\">\n\n\t\t\t\t\t\t\t\t<button id=\"verify-otp-button\" style=\"display: none;\">V\u00e9rifier<\/button>\n\t\t\t\t\t\t\t\t<p class=\"resend_sucsess\" style=\"color: green; display:none\">OTP envoy\u00e9 avec succ\u00e8s<\/p>\n\n\t\t\t\t\t\t\t\t<footer class=\"cev-authorization__footer\" style=\"text-align: Center;\">\n\t\t\t\t\t\t\t\t\tVous n'avez pas re\u00e7u d'e-mail ? <strong>\t\t\t\t<a href=\"#\" class=\"cev-link-try-again resend_verification_code_guest_user\" data-nonce=\"f80ab900ed\">R\u00e9essayer<\/a>\n\t\t\t\t<\/strong>\t\t\t\t\t\t\t\t<\/footer>\n\t\t\t\t\t\t\t<\/section>\n\t\t\t\t\t\t<\/div>\n\t\t\t\t\t<\/div>\n\t\t\t\t<\/div>\n\t\t\t<\/div>\n\t\t<\/div>\n\t<\/div>\n<\/div>\n\n<div class=\"cev_loading_overlay\"><\/div>\n\n\n\n<style>\n\t.cev-authorization-grid__visual {\n\t\tbackground-color: rgb(0,0,0) !important;\n\t}\n\thtml {\n\t\tbackground: none;\n\t}\n\t.customize-partial-edit-shortcut-button {\n\t\tdisplay: none;\n\t}\n<\/style>\n<div class=\"woocommerce-notices-wrapper\"><\/div>\n\n<div class=\"u-columns col2-set\" id=\"customer_login\">\n\n\t<div class=\"u-column1 col-1\">\n\n\n\t\t<h2 data-no-translation=\"\" data-trp-gettext=\"\">Se connecter<\/h2>\n\n\t\t<form class=\"woocommerce-form woocommerce-form-login login\" method=\"post\" novalidate action=\"\">\n\n\t\t\t<p class=\"message\">Avertissement : Si plusieurs tentatives de connexion \u00e9chouent, vous serez temporairement exclu.<\/p>\n\t\t\t<p class=\"woocommerce-form-row woocommerce-form-row--wide form-row form-row-wide\">\n\t\t\t\t<label for=\"username\">Identifiant ou e-mail&nbsp;<span class=\"required\" aria-hidden=\"true\">*<\/span><span class=\"screen-reader-text\" data-no-translation=\"\" data-trp-gettext=\"\">Obligatoire<\/span><\/label>\n\t\t\t\t<input type=\"text\" class=\"woocommerce-Input woocommerce-Input--text input-text\" name=\"username\" id=\"username\" autocomplete=\"username\" value=\"\" required aria-required=\"true\" \/>\t\t\t<\/p>\n\t\t\t<p class=\"woocommerce-form-row woocommerce-form-row--wide form-row form-row-wide\">\n\t\t\t\t<label for=\"password\">Mot de passe&nbsp;<span class=\"required\" aria-hidden=\"true\">*<\/span><span class=\"screen-reader-text\" data-no-translation=\"\" data-trp-gettext=\"\">Obligatoire<\/span><\/label>\n\t\t\t\t<input class=\"woocommerce-Input woocommerce-Input--text input-text\" type=\"password\" name=\"password\" id=\"password\" autocomplete=\"current-password\" required aria-required=\"true\" \/>\n\t\t\t<\/p>\n\n\t\t\t\n\t\t\t<p class=\"form-row\">\n\t\t\t\t<label class=\"woocommerce-form__label woocommerce-form__label-for-checkbox woocommerce-form-login__rememberme\">\n\t\t\t\t\t<input class=\"woocommerce-form__input woocommerce-form__input-checkbox\" name=\"rememberme\" type=\"checkbox\" id=\"rememberme\" value=\"forever\" \/> <span data-no-translation=\"\" data-trp-gettext=\"\">Se souvenir de moi<\/span>\n\t\t\t\t<\/label>\n\t\t\t\t<input type=\"hidden\" id=\"woocommerce-login-nonce\" name=\"woocommerce-login-nonce\" value=\"7594949908\" \/><input type=\"hidden\" name=\"_wp_http_referer\" value=\"\/fr\/wp-json\/wp\/v2\/pages\/25\" \/>\t\t\t\t<button type=\"submit\" class=\"woocommerce-button button woocommerce-form-login__submit\" name=\"login\" value=\"Se connecter\" data-no-translation=\"\" data-trp-gettext=\"\" data-no-translation-value=\"\">Se connecter<\/button>\n\t\t\t<\/p>\n\t\t\t<p class=\"woocommerce-LostPassword lost_password\">\n\t\t\t\t<a href=\"https:\/\/aquagenius.eu\/fr\/my-account\/lost-password\/\" data-no-translation=\"\" data-trp-gettext=\"\">Mot de passe perdu\u00a0?<\/a>\n\t\t\t<\/p>\n\n\t\t\t\n\t\t<input type=\"hidden\" name=\"trp-form-language\" value=\"fr\"\/><\/form>\n\n\n\t<\/div>\n\n\t<div class=\"u-column2 col-2\">\n\n\t\t<h2 data-no-translation=\"\" data-trp-gettext=\"\">S&rsquo;enregistrer<\/h2>\n\n\t\t<form method=\"post\" class=\"woocommerce-form woocommerce-form-register register\" action=\"\"  >\n\n\t\t\t<input type=\"hidden\" id=\"afreg_nonce_field\" name=\"afreg_nonce_field\" value=\"8533ea5341\" \/><input type=\"hidden\" name=\"_wp_http_referer\" value=\"\/fr\/wp-json\/wp\/v2\/pages\/25\" \/>\n\t\t\t\n\t\t\t<p class=\"woocommerce-form-row woocommerce-form-row--wide form-row form-row-wide\">\n\t\t\t\t<label for=\"reg_email\">E-mail&nbsp;<span class=\"required\" aria-hidden=\"true\">*<\/span><span class=\"screen-reader-text\" data-no-translation=\"\" data-trp-gettext=\"\">Obligatoire<\/span><\/label>\n\t\t\t\t<input type=\"email\" class=\"woocommerce-Input woocommerce-Input--text input-text\" name=\"email\" id=\"reg_email\" autocomplete=\"email\" value=\"\" required aria-required=\"true\" \/>\t\t\t<\/p>\n\n\t\t\t\n\t\t\t\t<p class=\"woocommerce-form-row woocommerce-form-row--wide form-row form-row-wide\">\n\t\t\t\t\t<label for=\"reg_password\">Mot de passe&nbsp;<span class=\"required\" aria-hidden=\"true\">*<\/span><span class=\"screen-reader-text\" data-no-translation=\"\" data-trp-gettext=\"\">Obligatoire<\/span><\/label>\n\t\t\t\t\t<input type=\"password\" class=\"woocommerce-Input woocommerce-Input--text input-text\" name=\"password\" id=\"reg_password\" autocomplete=\"new-password\" required aria-required=\"true\" \/>\n\t\t\t\t<\/p>\n\n\t\t\t\n\t\t\t\n\t\t\t<div class=\"afreg_extra_fields\">\n\t\t\t\t<h3><\/h3>\n\n\t\t\t\t<input type=\"hidden\" id=\"afreg_nonce_field\" name=\"afreg_nonce_field\" value=\"8533ea5341\" \/><input type=\"hidden\" name=\"_wp_http_referer\" value=\"\/fr\/wp-json\/wp\/v2\/pages\/25\" \/>\n\t\t\t\t\t\t\t<\/div>\n\n\t\t\t<wc-order-attribution-inputs><\/wc-order-attribution-inputs><div class=\"woocommerce-privacy-policy-text\"><p>Vos donn\u00e9es personnelles seront utilis\u00e9es pour faciliter votre exp\u00e9rience sur ce site web, pour g\u00e9rer l'acc\u00e8s \u00e0 votre compte et pour d'autres raisons d\u00e9crites dans notre <a href=\"https:\/\/aquagenius.eu\/fr\/privacy-policy\/\" class=\"woocommerce-privacy-policy-link\" target=\"_blank\" data-no-translation=\"\" data-trp-gettext=\"\">politique de confidentialit\u00e9<\/a>.<\/p>\n<\/div>\n\t\t\t<p class=\"woocommerce-form-row form-row\">\n\t\t\t\t<input type=\"hidden\" id=\"woocommerce-register-nonce\" name=\"woocommerce-register-nonce\" value=\"71fab55038\" \/><input type=\"hidden\" name=\"_wp_http_referer\" value=\"\/fr\/wp-json\/wp\/v2\/pages\/25\" \/>\t\t\t\t<button type=\"submit\" class=\"woocommerce-Button woocommerce-button button woocommerce-form-register__submit\" name=\"register\" value=\"S\u2019enregistrer\" data-no-translation=\"\" data-trp-gettext=\"\" data-no-translation-value=\"\">S&rsquo;enregistrer<\/button>\n\t\t\t<\/p>\n\n\t\t\t\n\t\t<input type=\"hidden\" name=\"trp-form-language\" value=\"fr\"\/><\/form>\n\n\t<\/div>\n\n<\/div>\n\n<\/div>\t\t<\/div>\n\t\t        <\/div>\n    <\/div>\n<\/div>        <\/div>\n\n\t\t\t\t\t\t<\/div>\n\t\t\t\t<\/div>\n\t\t\t\t<div class=\"elementor-element elementor-element-dc18005 elementor-widget elementor-widget-html\" data-id=\"dc18005\" data-element_type=\"widget\" data-widget_type=\"html.default\">\n\t\t\t\t<div class=\"elementor-widget-container\">\n\t\t\t\t\t<script>\n    jQuery(\".eael-account-dashboard-wrapper.preset-3 .eael-account-dashboard-content .woocommerce-MyAccount-content .woocommerce-info .button\").attr(\"href\", \"#popupwillopen\");\n<\/script>\t\t\t\t<\/div>\n\t\t\t\t<\/div>\n\t\t\t\t\t<\/div>\n\t\t\t\t<\/div>\n\t\t\t\t<\/div>","protected":false},"excerpt":{"rendered":"<p>Dashboard Orders Downloads Addresses Payment methods Account Details Logout Hello admin Dashboard Orders Downloads Addresses Payment methods Account Details Logout Hello admin (not admin? Log out) From your account dashboard you can view your recent orders, manage your shipping and billing addresses, and edit your password and account details.<\/p>","protected":false},"author":1,"featured_media":0,"parent":0,"menu_order":0,"comment_status":"closed","ping_status":"closed","template":"elementor_header_footer","meta":{"_acf_changed":false,"_uag_custom_page_level_css":"","footnotes":""},"class_list":["post-25","page","type-page","status-publish","hentry"],"acf":[],"yoast_head":"<!-- This site is optimized with the Yoast SEO plugin v25.6 - https:\/\/yoast.com\/wordpress\/plugins\/seo\/ -->\n<title>My account<\/title>\n<meta name=\"robots\" content=\"index, follow, max-snippet:-1, max-image-preview:large, max-video-preview:-1\" \/>\n<link rel=\"canonical\" href=\"https:\/\/aquagenius.eu\/fr\/my-account\/\" \/>\n<meta property=\"og:locale\" content=\"fr_FR\" \/>\n<meta property=\"og:type\" content=\"article\" \/>\n<meta property=\"og:title\" content=\"My account\" \/>\n<meta property=\"og:description\" content=\"Dashboard Orders Downloads Addresses Payment methods Account Details Logout Hello admin Dashboard Orders Downloads Addresses Payment methods Account Details Logout Hello admin (not admin? Log out) From your account dashboard you can view your recent orders, manage your shipping and billing addresses, and edit your password and account details.\" \/>\n<meta property=\"og:url\" content=\"https:\/\/aquagenius.eu\/fr\/my-account\/\" \/>\n<meta property=\"og:site_name\" content=\"AQUAGENIUS\" \/>\n<meta property=\"article:modified_time\" content=\"2024-08-14T15:56:34+00:00\" \/>\n<meta property=\"og:image\" content=\"https:\/\/secure.gravatar.com\/avatar\/8557930205a27ed7a76b9315648a2e5a?s=100&#038;d=mm&#038;r=g\" \/>\n<meta name=\"twitter:card\" content=\"summary_large_image\" \/>\n<meta name=\"twitter:label1\" content=\"Dur\u00e9e de lecture estim\u00e9e\" \/>\n\t<meta name=\"twitter:data1\" content=\"1 minute\" \/>\n<script type=\"application\/ld+json\" class=\"yoast-schema-graph\">{\"@context\":\"https:\/\/schema.org\",\"@graph\":[{\"@type\":\"WebPage\",\"@id\":\"https:\/\/aquagenius.eu\/my-account\/\",\"url\":\"https:\/\/aquagenius.eu\/my-account\/\",\"name\":\"My account\",\"isPartOf\":{\"@id\":\"https:\/\/aquagenius.eu\/#website\"},\"primaryImageOfPage\":{\"@id\":\"https:\/\/aquagenius.eu\/my-account\/#primaryimage\"},\"image\":{\"@id\":\"https:\/\/aquagenius.eu\/my-account\/#primaryimage\"},\"thumbnailUrl\":\"https:\/\/secure.gravatar.com\/avatar\/8557930205a27ed7a76b9315648a2e5a?s=100&#038;d=mm&#038;r=g\",\"datePublished\":\"2024-04-08T10:57:09+00:00\",\"dateModified\":\"2024-08-14T15:56:34+00:00\",\"breadcrumb\":{\"@id\":\"https:\/\/aquagenius.eu\/my-account\/#breadcrumb\"},\"inLanguage\":\"fr-FR\",\"potentialAction\":[{\"@type\":\"ReadAction\",\"target\":[\"https:\/\/aquagenius.eu\/my-account\/\"]}]},{\"@type\":\"ImageObject\",\"inLanguage\":\"fr-FR\",\"@id\":\"https:\/\/aquagenius.eu\/my-account\/#primaryimage\",\"url\":\"https:\/\/secure.gravatar.com\/avatar\/8557930205a27ed7a76b9315648a2e5a?s=100&#038;d=mm&#038;r=g\",\"contentUrl\":\"https:\/\/secure.gravatar.com\/avatar\/8557930205a27ed7a76b9315648a2e5a?s=100&#038;d=mm&#038;r=g\"},{\"@type\":\"BreadcrumbList\",\"@id\":\"https:\/\/aquagenius.eu\/my-account\/#breadcrumb\",\"itemListElement\":[{\"@type\":\"ListItem\",\"position\":1,\"name\":\"Home\",\"item\":\"https:\/\/aquagenius.eu\/\"},{\"@type\":\"ListItem\",\"position\":2,\"name\":\"My account\"}]},{\"@type\":\"WebSite\",\"@id\":\"https:\/\/aquagenius.eu\/#website\",\"url\":\"https:\/\/aquagenius.eu\/\",\"name\":\"AQUAGENIUS\",\"description\":\"\",\"publisher\":{\"@id\":\"https:\/\/aquagenius.eu\/#organization\"},\"potentialAction\":[{\"@type\":\"SearchAction\",\"target\":{\"@type\":\"EntryPoint\",\"urlTemplate\":\"https:\/\/aquagenius.eu\/?s={search_term_string}\"},\"query-input\":{\"@type\":\"PropertyValueSpecification\",\"valueRequired\":true,\"valueName\":\"search_term_string\"}}],\"inLanguage\":\"fr-FR\"},{\"@type\":\"Organization\",\"@id\":\"https:\/\/aquagenius.eu\/#organization\",\"name\":\"AQUAGENIUS\",\"url\":\"https:\/\/aquagenius.eu\/\",\"logo\":{\"@type\":\"ImageObject\",\"inLanguage\":\"fr-FR\",\"@id\":\"https:\/\/aquagenius.eu\/#\/schema\/logo\/image\/\",\"url\":\"https:\/\/aquagenius.eu\/wp-content\/uploads\/2024\/04\/Group-14673.svg\",\"contentUrl\":\"https:\/\/aquagenius.eu\/wp-content\/uploads\/2024\/04\/Group-14673.svg\",\"width\":176,\"height\":65,\"caption\":\"AQUAGENIUS\"},\"image\":{\"@id\":\"https:\/\/aquagenius.eu\/#\/schema\/logo\/image\/\"}}]}<\/script>\n<!-- \/ Yoast SEO plugin. -->","yoast_head_json":{"title":"My account","robots":{"index":"index","follow":"follow","max-snippet":"max-snippet:-1","max-image-preview":"max-image-preview:large","max-video-preview":"max-video-preview:-1"},"canonical":"https:\/\/aquagenius.eu\/fr\/my-account\/","og_locale":"fr_FR","og_type":"article","og_title":"My account","og_description":"Dashboard Orders Downloads Addresses Payment methods Account Details Logout Hello admin Dashboard Orders Downloads Addresses Payment methods Account Details Logout Hello admin (not admin? Log out) From your account dashboard you can view your recent orders, manage your shipping and billing addresses, and edit your password and account details.","og_url":"https:\/\/aquagenius.eu\/fr\/my-account\/","og_site_name":"AQUAGENIUS","article_modified_time":"2024-08-14T15:56:34+00:00","og_image":[{"url":"https:\/\/secure.gravatar.com\/avatar\/8557930205a27ed7a76b9315648a2e5a?s=100&#038;d=mm&#038;r=g","type":"","width":"","height":""}],"twitter_card":"summary_large_image","twitter_misc":{"Dur\u00e9e de lecture estim\u00e9e":"1 minute"},"schema":{"@context":"https:\/\/schema.org","@graph":[{"@type":"WebPage","@id":"https:\/\/aquagenius.eu\/my-account\/","url":"https:\/\/aquagenius.eu\/my-account\/","name":"My account","isPartOf":{"@id":"https:\/\/aquagenius.eu\/#website"},"primaryImageOfPage":{"@id":"https:\/\/aquagenius.eu\/my-account\/#primaryimage"},"image":{"@id":"https:\/\/aquagenius.eu\/my-account\/#primaryimage"},"thumbnailUrl":"https:\/\/secure.gravatar.com\/avatar\/8557930205a27ed7a76b9315648a2e5a?s=100&#038;d=mm&#038;r=g","datePublished":"2024-04-08T10:57:09+00:00","dateModified":"2024-08-14T15:56:34+00:00","breadcrumb":{"@id":"https:\/\/aquagenius.eu\/my-account\/#breadcrumb"},"inLanguage":"fr-FR","potentialAction":[{"@type":"ReadAction","target":["https:\/\/aquagenius.eu\/my-account\/"]}]},{"@type":"ImageObject","inLanguage":"fr-FR","@id":"https:\/\/aquagenius.eu\/my-account\/#primaryimage","url":"https:\/\/secure.gravatar.com\/avatar\/8557930205a27ed7a76b9315648a2e5a?s=100&#038;d=mm&#038;r=g","contentUrl":"https:\/\/secure.gravatar.com\/avatar\/8557930205a27ed7a76b9315648a2e5a?s=100&#038;d=mm&#038;r=g"},{"@type":"BreadcrumbList","@id":"https:\/\/aquagenius.eu\/my-account\/#breadcrumb","itemListElement":[{"@type":"ListItem","position":1,"name":"Home","item":"https:\/\/aquagenius.eu\/"},{"@type":"ListItem","position":2,"name":"My account"}]},{"@type":"WebSite","@id":"https:\/\/aquagenius.eu\/#website","url":"https:\/\/aquagenius.eu\/","name":"AQUAGENIUS","description":"","publisher":{"@id":"https:\/\/aquagenius.eu\/#organization"},"potentialAction":[{"@type":"SearchAction","target":{"@type":"EntryPoint","urlTemplate":"https:\/\/aquagenius.eu\/?s={search_term_string}"},"query-input":{"@type":"PropertyValueSpecification","valueRequired":true,"valueName":"search_term_string"}}],"inLanguage":"fr-FR"},{"@type":"Organization","@id":"https:\/\/aquagenius.eu\/#organization","name":"AQUAGENIUS","url":"https:\/\/aquagenius.eu\/","logo":{"@type":"ImageObject","inLanguage":"fr-FR","@id":"https:\/\/aquagenius.eu\/#\/schema\/logo\/image\/","url":"https:\/\/aquagenius.eu\/wp-content\/uploads\/2024\/04\/Group-14673.svg","contentUrl":"https:\/\/aquagenius.eu\/wp-content\/uploads\/2024\/04\/Group-14673.svg","width":176,"height":65,"caption":"AQUAGENIUS"},"image":{"@id":"https:\/\/aquagenius.eu\/#\/schema\/logo\/image\/"}}]}},"uagb_featured_image_src":{"full":false,"thumbnail":false,"medium":false,"medium_large":false,"large":false,"1536x1536":false,"2048x2048":false,"trp-custom-language-flag":false,"wpgs_custom_main":false,"gform-image-choice-sm":false,"gform-image-choice-md":false,"gform-image-choice-lg":false,"woocommerce_thumbnail":false,"woocommerce_single":false,"woocommerce_gallery_thumbnail":false,"variation_swatches_image_size":false,"variation_swatches_tooltip_size":false},"uagb_author_info":{"display_name":"admin","author_link":"https:\/\/aquagenius.eu\/fr\/author\/admin\/"},"uagb_comment_info":0,"uagb_excerpt":"Dashboard Orders Downloads Addresses Payment methods Account Details Logout Hello admin Dashboard Orders Downloads Addresses Payment methods Account Details Logout Hello admin (not admin? Log out) From your account dashboard you can view your recent orders, manage your shipping and billing addresses, and edit your password and account details.","_links":{"self":[{"href":"https:\/\/aquagenius.eu\/fr\/wp-json\/wp\/v2\/pages\/25","targetHints":{"allow":["GET"]}}],"collection":[{"href":"https:\/\/aquagenius.eu\/fr\/wp-json\/wp\/v2\/pages"}],"about":[{"href":"https:\/\/aquagenius.eu\/fr\/wp-json\/wp\/v2\/types\/page"}],"author":[{"embeddable":true,"href":"https:\/\/aquagenius.eu\/fr\/wp-json\/wp\/v2\/users\/1"}],"replies":[{"embeddable":true,"href":"https:\/\/aquagenius.eu\/fr\/wp-json\/wp\/v2\/comments?post=25"}],"version-history":[{"count":0,"href":"https:\/\/aquagenius.eu\/fr\/wp-json\/wp\/v2\/pages\/25\/revisions"}],"wp:attachment":[{"href":"https:\/\/aquagenius.eu\/fr\/wp-json\/wp\/v2\/media?parent=25"}],"curies":[{"name":"wp","href":"https:\/\/api.w.org\/{rel}","templated":true}]}}