{"id":1317,"date":"2024-04-18T13:03:21","date_gmt":"2024-04-18T13:03:21","guid":{"rendered":"https:\/\/aquagenius.eu\/?post_type=product&#038;p=1317"},"modified":"2026-01-30T08:06:18","modified_gmt":"2026-01-30T08:06:18","slug":"activehydrate-500-ml","status":"publish","type":"product","link":"https:\/\/aquagenius.eu\/fr\/produit\/activehydrate-500-ml\/","title":{"rendered":"ActiveHydrate 500 ML : Bouteille d'Eau Intelligente Avec Traitement UV de l'Eau et Autonettoyante \u2013 Bouteille en acier inoxydable isol\u00e9e \u2013 Bouteille rechargeable avec rappel d'Hydratation et Affichage de la temp\u00e9rature"},"content":{"rendered":"<p>Am\u00e9liorez votre style de vie actif avec la bouteille d'eau intelligente AQUAGENIUS ActiveHydrate 500 ML, votre nouveau compagnon. Que vous repoussiez vos limites \u00e0 la salle de sport, que vous vous efforciez de respecter les d\u00e9lais au travail ou que vous trouviez votre z\u00e9nitude au yoga, ActiveHydrate est con\u00e7ue pour suivre le rythme de votre vie dynamique.<\/p>","protected":false},"excerpt":{"rendered":"<p>Am\u00e9liorez votre style de vie actif avec la bouteille d'eau intelligente AQUAGENIUS ActiveHydrate 500 ML, votre nouveau compagnon. Que vous repoussiez vos limites \u00e0 la salle de sport, que vous vous efforciez de respecter les d\u00e9lais au travail ou que vous trouviez votre z\u00e9nitude au yoga, ActiveHydrate est con\u00e7ue pour suivre le rythme de votre vie dynamique.<\/p>","protected":false},"featured_media":3004,"comment_status":"open","ping_status":"closed","template":"","meta":{"_acf_changed":false,"_uag_custom_page_level_css":""},"product_brand":[],"product_cat":[35],"product_tag":[],"class_list":{"0":"post-1317","1":"product","2":"type-product","3":"status-publish","4":"has-post-thumbnail","6":"product_cat-active-hydrate","7":"tm-no-options","9":"first","10":"instock","11":"sale","12":"taxable","13":"shipping-taxable","14":"purchasable","15":"product-type-variable","16":"wvs-archive-product-wrapper"},"composite_virtual":false,"composite_layout":"","composite_add_to_cart_form_location":"","composite_editable_in_cart":false,"composite_sold_individually_context":"","composite_shop_price_calc":"","composite_components":[],"composite_scenarios":[],"acf":[],"yoast_head":"<!-- This site is optimized with the Yoast SEO plugin v25.6 - https:\/\/yoast.com\/wordpress\/plugins\/seo\/ -->\n<title>ActiveHydrate 500 ML : Self-Cleaning UV Water Treatment Bottle - Insulated Stainless Steel Bottle - Rechargeable Bottle with Drinking Reminder and Temperature display - AQUAGENIUS<\/title>\n<meta name=\"robots\" content=\"index, follow, max-snippet:-1, max-image-preview:large, max-video-preview:-1\" \/>\n<link rel=\"canonical\" href=\"https:\/\/aquagenius.eu\/fr\/produit\/activehydrate-500-ml\/\" \/>\n<meta property=\"og:locale\" content=\"fr_FR\" \/>\n<meta property=\"og:type\" content=\"article\" \/>\n<meta property=\"og:title\" content=\"ActiveHydrate 500 ML : Self-Cleaning UV Water Treatment Bottle - Insulated Stainless Steel Bottle - Rechargeable Bottle with Drinking Reminder and Temperature display - AQUAGENIUS\" \/>\n<meta property=\"og:description\" content=\"Elevate your active lifestyle with the AQUAGENIUS ActiveHydrate 500 ML Smart Water Bottle, your new essential companion. Whether you&#8217;re pushing limits at the gym, conquering deadlines at work, or finding your zen in yoga, ActiveHydrate is designed to keep pace with your dynamic life\" \/>\n<meta property=\"og:url\" content=\"https:\/\/aquagenius.eu\/fr\/produit\/activehydrate-500-ml\/\" \/>\n<meta property=\"og:site_name\" content=\"AQUAGENIUS\" \/>\n<meta property=\"article:modified_time\" content=\"2026-01-30T08:06:18+00:00\" \/>\n<meta property=\"og:image\" content=\"https:\/\/aquagenius.eu\/wp-content\/uploads\/2024\/04\/Active-1.jpg\" \/>\n\t<meta property=\"og:image:width\" content=\"1000\" \/>\n\t<meta property=\"og:image:height\" content=\"1333\" \/>\n\t<meta property=\"og:image:type\" content=\"image\/jpeg\" \/>\n<meta name=\"twitter:card\" content=\"summary_large_image\" \/>\n<meta name=\"twitter:label1\" content=\"Dur\u00e9e de lecture estim\u00e9e\" \/>\n\t<meta name=\"twitter:data1\" content=\"1 minute\" \/>\n<script type=\"application\/ld+json\" class=\"yoast-schema-graph\">{\"@context\":\"https:\/\/schema.org\",\"@graph\":[{\"@type\":\"WebPage\",\"@id\":\"https:\/\/aquagenius.eu\/product\/activehydrate-500-ml\/\",\"url\":\"https:\/\/aquagenius.eu\/product\/activehydrate-500-ml\/\",\"name\":\"ActiveHydrate 500 ML : Self-Cleaning UV Water Treatment Bottle - Insulated Stainless Steel Bottle - Rechargeable Bottle with Drinking Reminder and Temperature display - AQUAGENIUS\",\"isPartOf\":{\"@id\":\"https:\/\/aquagenius.eu\/#website\"},\"primaryImageOfPage\":{\"@id\":\"https:\/\/aquagenius.eu\/product\/activehydrate-500-ml\/#primaryimage\"},\"image\":{\"@id\":\"https:\/\/aquagenius.eu\/product\/activehydrate-500-ml\/#primaryimage\"},\"thumbnailUrl\":\"https:\/\/aquagenius.eu\/wp-content\/uploads\/2024\/04\/Active-1.jpg\",\"datePublished\":\"2024-04-18T13:03:21+00:00\",\"dateModified\":\"2026-01-30T08:06:18+00:00\",\"breadcrumb\":{\"@id\":\"https:\/\/aquagenius.eu\/product\/activehydrate-500-ml\/#breadcrumb\"},\"inLanguage\":\"fr-FR\",\"potentialAction\":[{\"@type\":\"ReadAction\",\"target\":[\"https:\/\/aquagenius.eu\/product\/activehydrate-500-ml\/\"]}]},{\"@type\":\"ImageObject\",\"inLanguage\":\"fr-FR\",\"@id\":\"https:\/\/aquagenius.eu\/product\/activehydrate-500-ml\/#primaryimage\",\"url\":\"https:\/\/aquagenius.eu\/wp-content\/uploads\/2024\/04\/Active-1.jpg\",\"contentUrl\":\"https:\/\/aquagenius.eu\/wp-content\/uploads\/2024\/04\/Active-1.jpg\",\"width\":1000,\"height\":1333},{\"@type\":\"BreadcrumbList\",\"@id\":\"https:\/\/aquagenius.eu\/product\/activehydrate-500-ml\/#breadcrumb\",\"itemListElement\":[{\"@type\":\"ListItem\",\"position\":1,\"name\":\"Home\",\"item\":\"https:\/\/aquagenius.eu\/\"},{\"@type\":\"ListItem\",\"position\":2,\"name\":\"Shop\",\"item\":\"https:\/\/aquagenius.eu\/shop\/\"},{\"@type\":\"ListItem\",\"position\":3,\"name\":\"ActiveHydrate 500 ML : Self-Cleaning UV Water Treatment Bottle &#8211; Insulated Stainless Steel Bottle &#8211; Rechargeable Bottle with Drinking Reminder and Temperature display\"}]},{\"@type\":\"WebSite\",\"@id\":\"https:\/\/aquagenius.eu\/#website\",\"url\":\"https:\/\/aquagenius.eu\/\",\"name\":\"AQUAGENIUS\",\"description\":\"\",\"publisher\":{\"@id\":\"https:\/\/aquagenius.eu\/#organization\"},\"potentialAction\":[{\"@type\":\"SearchAction\",\"target\":{\"@type\":\"EntryPoint\",\"urlTemplate\":\"https:\/\/aquagenius.eu\/?s={search_term_string}\"},\"query-input\":{\"@type\":\"PropertyValueSpecification\",\"valueRequired\":true,\"valueName\":\"search_term_string\"}}],\"inLanguage\":\"fr-FR\"},{\"@type\":\"Organization\",\"@id\":\"https:\/\/aquagenius.eu\/#organization\",\"name\":\"AQUAGENIUS\",\"url\":\"https:\/\/aquagenius.eu\/\",\"logo\":{\"@type\":\"ImageObject\",\"inLanguage\":\"fr-FR\",\"@id\":\"https:\/\/aquagenius.eu\/#\/schema\/logo\/image\/\",\"url\":\"https:\/\/aquagenius.eu\/wp-content\/uploads\/2024\/04\/Group-14673.svg\",\"contentUrl\":\"https:\/\/aquagenius.eu\/wp-content\/uploads\/2024\/04\/Group-14673.svg\",\"width\":176,\"height\":65,\"caption\":\"AQUAGENIUS\"},\"image\":{\"@id\":\"https:\/\/aquagenius.eu\/#\/schema\/logo\/image\/\"}}]}<\/script>\n<!-- \/ Yoast SEO plugin. -->","yoast_head_json":{"title":"ActiveHydrate 500 ML : Self-Cleaning UV Water Treatment Bottle - Insulated Stainless Steel Bottle - Rechargeable Bottle with Drinking Reminder and Temperature display - AQUAGENIUS","robots":{"index":"index","follow":"follow","max-snippet":"max-snippet:-1","max-image-preview":"max-image-preview:large","max-video-preview":"max-video-preview:-1"},"canonical":"https:\/\/aquagenius.eu\/fr\/produit\/activehydrate-500-ml\/","og_locale":"fr_FR","og_type":"article","og_title":"ActiveHydrate 500 ML : Self-Cleaning UV Water Treatment Bottle - Insulated Stainless Steel Bottle - Rechargeable Bottle with Drinking Reminder and Temperature display - AQUAGENIUS","og_description":"Elevate your active lifestyle with the AQUAGENIUS ActiveHydrate 500 ML Smart Water Bottle, your new essential companion. Whether you&#8217;re pushing limits at the gym, conquering deadlines at work, or finding your zen in yoga, ActiveHydrate is designed to keep pace with your dynamic life","og_url":"https:\/\/aquagenius.eu\/fr\/produit\/activehydrate-500-ml\/","og_site_name":"AQUAGENIUS","article_modified_time":"2026-01-30T08:06:18+00:00","og_image":[{"width":1000,"height":1333,"url":"https:\/\/aquagenius.eu\/wp-content\/uploads\/2024\/04\/Active-1.jpg","type":"image\/jpeg"}],"twitter_card":"summary_large_image","twitter_misc":{"Dur\u00e9e de lecture estim\u00e9e":"1 minute"},"schema":{"@context":"https:\/\/schema.org","@graph":[{"@type":"WebPage","@id":"https:\/\/aquagenius.eu\/product\/activehydrate-500-ml\/","url":"https:\/\/aquagenius.eu\/product\/activehydrate-500-ml\/","name":"ActiveHydrate 500 ML : Self-Cleaning UV Water Treatment Bottle - Insulated Stainless Steel Bottle - Rechargeable Bottle with Drinking Reminder and Temperature display - AQUAGENIUS","isPartOf":{"@id":"https:\/\/aquagenius.eu\/#website"},"primaryImageOfPage":{"@id":"https:\/\/aquagenius.eu\/product\/activehydrate-500-ml\/#primaryimage"},"image":{"@id":"https:\/\/aquagenius.eu\/product\/activehydrate-500-ml\/#primaryimage"},"thumbnailUrl":"https:\/\/aquagenius.eu\/wp-content\/uploads\/2024\/04\/Active-1.jpg","datePublished":"2024-04-18T13:03:21+00:00","dateModified":"2026-01-30T08:06:18+00:00","breadcrumb":{"@id":"https:\/\/aquagenius.eu\/product\/activehydrate-500-ml\/#breadcrumb"},"inLanguage":"fr-FR","potentialAction":[{"@type":"ReadAction","target":["https:\/\/aquagenius.eu\/product\/activehydrate-500-ml\/"]}]},{"@type":"ImageObject","inLanguage":"fr-FR","@id":"https:\/\/aquagenius.eu\/product\/activehydrate-500-ml\/#primaryimage","url":"https:\/\/aquagenius.eu\/wp-content\/uploads\/2024\/04\/Active-1.jpg","contentUrl":"https:\/\/aquagenius.eu\/wp-content\/uploads\/2024\/04\/Active-1.jpg","width":1000,"height":1333},{"@type":"BreadcrumbList","@id":"https:\/\/aquagenius.eu\/product\/activehydrate-500-ml\/#breadcrumb","itemListElement":[{"@type":"ListItem","position":1,"name":"Home","item":"https:\/\/aquagenius.eu\/"},{"@type":"ListItem","position":2,"name":"Shop","item":"https:\/\/aquagenius.eu\/shop\/"},{"@type":"ListItem","position":3,"name":"ActiveHydrate 500 ML : Self-Cleaning UV Water Treatment Bottle &#8211; Insulated Stainless Steel Bottle &#8211; Rechargeable Bottle with Drinking Reminder and Temperature display"}]},{"@type":"WebSite","@id":"https:\/\/aquagenius.eu\/#website","url":"https:\/\/aquagenius.eu\/","name":"AQUAGENIUS","description":"","publisher":{"@id":"https:\/\/aquagenius.eu\/#organization"},"potentialAction":[{"@type":"SearchAction","target":{"@type":"EntryPoint","urlTemplate":"https:\/\/aquagenius.eu\/?s={search_term_string}"},"query-input":{"@type":"PropertyValueSpecification","valueRequired":true,"valueName":"search_term_string"}}],"inLanguage":"fr-FR"},{"@type":"Organization","@id":"https:\/\/aquagenius.eu\/#organization","name":"AQUAGENIUS","url":"https:\/\/aquagenius.eu\/","logo":{"@type":"ImageObject","inLanguage":"fr-FR","@id":"https:\/\/aquagenius.eu\/#\/schema\/logo\/image\/","url":"https:\/\/aquagenius.eu\/wp-content\/uploads\/2024\/04\/Group-14673.svg","contentUrl":"https:\/\/aquagenius.eu\/wp-content\/uploads\/2024\/04\/Group-14673.svg","width":176,"height":65,"caption":"AQUAGENIUS"},"image":{"@id":"https:\/\/aquagenius.eu\/#\/schema\/logo\/image\/"}}]}},"uagb_featured_image_src":{"full":["https:\/\/aquagenius.eu\/wp-content\/uploads\/2024\/04\/Active-1.jpg",1000,1333,false],"thumbnail":["https:\/\/aquagenius.eu\/wp-content\/uploads\/2024\/04\/Active-1-150x150.jpg",150,150,true],"medium":["https:\/\/aquagenius.eu\/wp-content\/uploads\/2024\/04\/Active-1-225x300.jpg",225,300,true],"medium_large":["https:\/\/aquagenius.eu\/wp-content\/uploads\/2024\/04\/Active-1-768x1024.jpg",768,1024,true],"large":["https:\/\/aquagenius.eu\/wp-content\/uploads\/2024\/04\/Active-1-768x1024.jpg",768,1024,true],"1536x1536":["https:\/\/aquagenius.eu\/wp-content\/uploads\/2024\/04\/Active-1.jpg",1000,1333,false],"2048x2048":["https:\/\/aquagenius.eu\/wp-content\/uploads\/2024\/04\/Active-1.jpg",1000,1333,false],"trp-custom-language-flag":["https:\/\/aquagenius.eu\/wp-content\/uploads\/2024\/04\/Active-1.jpg",9,12,false],"wpgs_custom_main":["https:\/\/aquagenius.eu\/wp-content\/uploads\/2024\/04\/Active-1.jpg",300,400,false],"gform-image-choice-sm":["https:\/\/aquagenius.eu\/wp-content\/uploads\/2024\/04\/Active-1.jpg",225,300,false],"gform-image-choice-md":["https:\/\/aquagenius.eu\/wp-content\/uploads\/2024\/04\/Active-1.jpg",300,400,false],"gform-image-choice-lg":["https:\/\/aquagenius.eu\/wp-content\/uploads\/2024\/04\/Active-1.jpg",450,600,false],"woocommerce_thumbnail":["https:\/\/aquagenius.eu\/wp-content\/uploads\/2024\/04\/Active-1-300x400.jpg",300,400,true],"woocommerce_single":["https:\/\/aquagenius.eu\/wp-content\/uploads\/2024\/04\/Active-1-600x800.jpg",600,800,true],"woocommerce_gallery_thumbnail":["https:\/\/aquagenius.eu\/wp-content\/uploads\/2024\/04\/Active-1-100x100.jpg",100,100,true],"variation_swatches_image_size":["https:\/\/aquagenius.eu\/wp-content\/uploads\/2024\/04\/Active-1-50x50.jpg",50,50,true],"variation_swatches_tooltip_size":["https:\/\/aquagenius.eu\/wp-content\/uploads\/2024\/04\/Active-1-100x100.jpg",100,100,true]},"uagb_author_info":{"display_name":"admin","author_link":"https:\/\/aquagenius.eu\/fr\/author\/"},"uagb_comment_info":1,"uagb_excerpt":"Elevate your active lifestyle with the AQUAGENIUS ActiveHydrate 500 ML Smart Water Bottle, your new essential companion. Whether you&#8217;re pushing limits at the gym, conquering deadlines at work, or finding your zen in yoga, ActiveHydrate is designed to keep pace with your dynamic life","_links":{"self":[{"href":"https:\/\/aquagenius.eu\/fr\/wp-json\/wp\/v2\/product\/1317","targetHints":{"allow":["GET"]}}],"collection":[{"href":"https:\/\/aquagenius.eu\/fr\/wp-json\/wp\/v2\/product"}],"about":[{"href":"https:\/\/aquagenius.eu\/fr\/wp-json\/wp\/v2\/types\/product"}],"replies":[{"embeddable":true,"href":"https:\/\/aquagenius.eu\/fr\/wp-json\/wp\/v2\/comments?post=1317"}],"version-history":[{"count":0,"href":"https:\/\/aquagenius.eu\/fr\/wp-json\/wp\/v2\/product\/1317\/revisions"}],"wp:featuredmedia":[{"embeddable":true,"href":"https:\/\/aquagenius.eu\/fr\/wp-json\/wp\/v2\/media\/3004"}],"wp:attachment":[{"href":"https:\/\/aquagenius.eu\/fr\/wp-json\/wp\/v2\/media?parent=1317"}],"wp:term":[{"taxonomy":"product_brand","embeddable":true,"href":"https:\/\/aquagenius.eu\/fr\/wp-json\/wp\/v2\/product_brand?post=1317"},{"taxonomy":"product_cat","embeddable":true,"href":"https:\/\/aquagenius.eu\/fr\/wp-json\/wp\/v2\/product_cat?post=1317"},{"taxonomy":"product_tag","embeddable":true,"href":"https:\/\/aquagenius.eu\/fr\/wp-json\/wp\/v2\/product_tag?post=1317"}],"curies":[{"name":"wp","href":"https:\/\/api.w.org\/{rel}","templated":true}]}}