{"id":1968,"date":"2024-04-24T07:52:44","date_gmt":"2024-04-24T07:52:44","guid":{"rendered":"https:\/\/aquagenius.eu\/?post_type=product&#038;p=1968"},"modified":"2026-01-30T08:06:19","modified_gmt":"2026-01-30T08:06:19","slug":"globe-hydrate-500-ml","status":"publish","type":"product","link":"https:\/\/aquagenius.eu\/fr\/produit\/globe-hydrate-500-ml\/","title":{"rendered":"GlobeHydrate 500 ML : Bouteille d'Eau Intelligente Avec Traitement UV Et Autonettoyante - Bouteille isol\u00e9e En Acier Inoxydable - Bouteille Rechargeable Avec Sangle En Silicone."},"content":{"rendered":"<p>Aventurez-vous dans la nature avec GlobeHydrate 500 ML, l'alli\u00e9 compact des aventures et le compagnon d'hydratation id\u00e9al pour les voyageurs intr\u00e9pides et les amateurs de plein air. Parfaitement dimensionn\u00e9e pour la commodit\u00e9 sans compromettre les fonctionnalit\u00e9s essentielles qui font de GlobeHydrate 500 ML un favori, cette bouteille est votre passeport pour rester hydrat\u00e9 o\u00f9 que votre voyage vous m\u00e8ne.<\/p>","protected":false},"excerpt":{"rendered":"<p>Aventurez-vous dans la nature avec GlobeHydrate 500 ML, l'alli\u00e9 compact des aventures et le compagnon d'hydratation id\u00e9al pour les voyageurs intr\u00e9pides et les amateurs de plein air. Parfaitement dimensionn\u00e9e pour la commodit\u00e9 sans compromettre les fonctionnalit\u00e9s essentielles qui font de GlobeHydrate 500 ML un favori, cette bouteille est votre passeport pour rester hydrat\u00e9 o\u00f9 que votre voyage vous m\u00e8ne.<\/p>","protected":false},"featured_media":1991,"comment_status":"open","ping_status":"closed","template":"","meta":{"_acf_changed":false,"_uag_custom_page_level_css":""},"product_brand":[],"product_cat":[36],"product_tag":[],"class_list":{"0":"post-1968","1":"product","2":"type-product","3":"status-publish","4":"has-post-thumbnail","6":"product_cat-globe-hydrate","7":"tm-no-options","9":"first","10":"instock","11":"sale","12":"taxable","13":"shipping-taxable","14":"purchasable","15":"product-type-variable","16":"wvs-archive-product-wrapper"},"composite_virtual":false,"composite_layout":"","composite_add_to_cart_form_location":"","composite_editable_in_cart":false,"composite_sold_individually_context":"","composite_shop_price_calc":"","composite_components":[],"composite_scenarios":[],"acf":[],"yoast_head":"<!-- This site is optimized with the Yoast SEO plugin v25.6 - https:\/\/yoast.com\/wordpress\/plugins\/seo\/ -->\n<title>GlobeHydrate 500 ML: Self-Cleaning UV Water Treatment Bottle - Insulated Stainless Steel Bottle - Rechargeable Bottle with Silicon Strap. - AQUAGENIUS<\/title>\n<meta name=\"robots\" content=\"index, follow, max-snippet:-1, max-image-preview:large, max-video-preview:-1\" \/>\n<link rel=\"canonical\" href=\"https:\/\/aquagenius.eu\/fr\/produit\/globe-hydrate-500-ml\/\" \/>\n<meta property=\"og:locale\" content=\"fr_FR\" \/>\n<meta property=\"og:type\" content=\"article\" \/>\n<meta property=\"og:title\" content=\"GlobeHydrate 500 ML: Self-Cleaning UV Water Treatment Bottle - Insulated Stainless Steel Bottle - Rechargeable Bottle with Silicon Strap. - AQUAGENIUS\" \/>\n<meta property=\"og:description\" content=\"Step into the wild with GlobeHydrate 500 ML, Compact Adventure Ally and ideal hydration companion for the intrepid traveler and outdoor enthusiast. Perfectly sized for convenience without compromising on the essential features that make GlobeHydrate 500 ML a favorite, this bottle is your ticket to staying hydrated wherever your journey takes you.\" \/>\n<meta property=\"og:url\" content=\"https:\/\/aquagenius.eu\/fr\/produit\/globe-hydrate-500-ml\/\" \/>\n<meta property=\"og:site_name\" content=\"AQUAGENIUS\" \/>\n<meta property=\"article:modified_time\" content=\"2026-01-30T08:06:19+00:00\" \/>\n<meta property=\"og:image\" content=\"https:\/\/aquagenius.eu\/wp-content\/uploads\/2024\/04\/Rectangle-1888-4.png\" \/>\n\t<meta property=\"og:image:width\" content=\"556\" \/>\n\t<meta property=\"og:image:height\" content=\"617\" \/>\n\t<meta property=\"og:image:type\" content=\"image\/png\" \/>\n<meta name=\"twitter:card\" content=\"summary_large_image\" \/>\n<meta name=\"twitter:label1\" content=\"Dur\u00e9e de lecture estim\u00e9e\" \/>\n\t<meta name=\"twitter:data1\" content=\"1 minute\" \/>\n<script type=\"application\/ld+json\" class=\"yoast-schema-graph\">{\"@context\":\"https:\/\/schema.org\",\"@graph\":[{\"@type\":\"WebPage\",\"@id\":\"https:\/\/aquagenius.eu\/product\/globe-hydrate-500-ml\/\",\"url\":\"https:\/\/aquagenius.eu\/product\/globe-hydrate-500-ml\/\",\"name\":\"GlobeHydrate 500 ML: Self-Cleaning UV Water Treatment Bottle - Insulated Stainless Steel Bottle - Rechargeable Bottle with Silicon Strap. - AQUAGENIUS\",\"isPartOf\":{\"@id\":\"https:\/\/aquagenius.eu\/#website\"},\"primaryImageOfPage\":{\"@id\":\"https:\/\/aquagenius.eu\/product\/globe-hydrate-500-ml\/#primaryimage\"},\"image\":{\"@id\":\"https:\/\/aquagenius.eu\/product\/globe-hydrate-500-ml\/#primaryimage\"},\"thumbnailUrl\":\"https:\/\/aquagenius.eu\/wp-content\/uploads\/2024\/04\/Rectangle-1888-4.png\",\"datePublished\":\"2024-04-24T07:52:44+00:00\",\"dateModified\":\"2026-01-30T08:06:19+00:00\",\"breadcrumb\":{\"@id\":\"https:\/\/aquagenius.eu\/product\/globe-hydrate-500-ml\/#breadcrumb\"},\"inLanguage\":\"fr-FR\",\"potentialAction\":[{\"@type\":\"ReadAction\",\"target\":[\"https:\/\/aquagenius.eu\/product\/globe-hydrate-500-ml\/\"]}]},{\"@type\":\"ImageObject\",\"inLanguage\":\"fr-FR\",\"@id\":\"https:\/\/aquagenius.eu\/product\/globe-hydrate-500-ml\/#primaryimage\",\"url\":\"https:\/\/aquagenius.eu\/wp-content\/uploads\/2024\/04\/Rectangle-1888-4.png\",\"contentUrl\":\"https:\/\/aquagenius.eu\/wp-content\/uploads\/2024\/04\/Rectangle-1888-4.png\",\"width\":556,\"height\":617},{\"@type\":\"BreadcrumbList\",\"@id\":\"https:\/\/aquagenius.eu\/product\/globe-hydrate-500-ml\/#breadcrumb\",\"itemListElement\":[{\"@type\":\"ListItem\",\"position\":1,\"name\":\"Home\",\"item\":\"https:\/\/aquagenius.eu\/\"},{\"@type\":\"ListItem\",\"position\":2,\"name\":\"Shop\",\"item\":\"https:\/\/aquagenius.eu\/shop\/\"},{\"@type\":\"ListItem\",\"position\":3,\"name\":\"GlobeHydrate 500 ML: Self-Cleaning UV Water Treatment Bottle &#8211; Insulated Stainless Steel Bottle &#8211; Rechargeable Bottle with Silicon Strap.\"}]},{\"@type\":\"WebSite\",\"@id\":\"https:\/\/aquagenius.eu\/#website\",\"url\":\"https:\/\/aquagenius.eu\/\",\"name\":\"AQUAGENIUS\",\"description\":\"\",\"publisher\":{\"@id\":\"https:\/\/aquagenius.eu\/#organization\"},\"potentialAction\":[{\"@type\":\"SearchAction\",\"target\":{\"@type\":\"EntryPoint\",\"urlTemplate\":\"https:\/\/aquagenius.eu\/?s={search_term_string}\"},\"query-input\":{\"@type\":\"PropertyValueSpecification\",\"valueRequired\":true,\"valueName\":\"search_term_string\"}}],\"inLanguage\":\"fr-FR\"},{\"@type\":\"Organization\",\"@id\":\"https:\/\/aquagenius.eu\/#organization\",\"name\":\"AQUAGENIUS\",\"url\":\"https:\/\/aquagenius.eu\/\",\"logo\":{\"@type\":\"ImageObject\",\"inLanguage\":\"fr-FR\",\"@id\":\"https:\/\/aquagenius.eu\/#\/schema\/logo\/image\/\",\"url\":\"https:\/\/aquagenius.eu\/wp-content\/uploads\/2024\/04\/Group-14673.svg\",\"contentUrl\":\"https:\/\/aquagenius.eu\/wp-content\/uploads\/2024\/04\/Group-14673.svg\",\"width\":176,\"height\":65,\"caption\":\"AQUAGENIUS\"},\"image\":{\"@id\":\"https:\/\/aquagenius.eu\/#\/schema\/logo\/image\/\"}}]}<\/script>\n<!-- \/ Yoast SEO plugin. -->","yoast_head_json":{"title":"GlobeHydrate 500 ML: Self-Cleaning UV Water Treatment Bottle - Insulated Stainless Steel Bottle - Rechargeable Bottle with Silicon Strap. - AQUAGENIUS","robots":{"index":"index","follow":"follow","max-snippet":"max-snippet:-1","max-image-preview":"max-image-preview:large","max-video-preview":"max-video-preview:-1"},"canonical":"https:\/\/aquagenius.eu\/fr\/produit\/globe-hydrate-500-ml\/","og_locale":"fr_FR","og_type":"article","og_title":"GlobeHydrate 500 ML: Self-Cleaning UV Water Treatment Bottle - Insulated Stainless Steel Bottle - Rechargeable Bottle with Silicon Strap. - AQUAGENIUS","og_description":"Step into the wild with GlobeHydrate 500 ML, Compact Adventure Ally and ideal hydration companion for the intrepid traveler and outdoor enthusiast. Perfectly sized for convenience without compromising on the essential features that make GlobeHydrate 500 ML a favorite, this bottle is your ticket to staying hydrated wherever your journey takes you.","og_url":"https:\/\/aquagenius.eu\/fr\/produit\/globe-hydrate-500-ml\/","og_site_name":"AQUAGENIUS","article_modified_time":"2026-01-30T08:06:19+00:00","og_image":[{"width":556,"height":617,"url":"https:\/\/aquagenius.eu\/wp-content\/uploads\/2024\/04\/Rectangle-1888-4.png","type":"image\/png"}],"twitter_card":"summary_large_image","twitter_misc":{"Dur\u00e9e de lecture estim\u00e9e":"1 minute"},"schema":{"@context":"https:\/\/schema.org","@graph":[{"@type":"WebPage","@id":"https:\/\/aquagenius.eu\/product\/globe-hydrate-500-ml\/","url":"https:\/\/aquagenius.eu\/product\/globe-hydrate-500-ml\/","name":"GlobeHydrate 500 ML: Self-Cleaning UV Water Treatment Bottle - Insulated Stainless Steel Bottle - Rechargeable Bottle with Silicon Strap. - AQUAGENIUS","isPartOf":{"@id":"https:\/\/aquagenius.eu\/#website"},"primaryImageOfPage":{"@id":"https:\/\/aquagenius.eu\/product\/globe-hydrate-500-ml\/#primaryimage"},"image":{"@id":"https:\/\/aquagenius.eu\/product\/globe-hydrate-500-ml\/#primaryimage"},"thumbnailUrl":"https:\/\/aquagenius.eu\/wp-content\/uploads\/2024\/04\/Rectangle-1888-4.png","datePublished":"2024-04-24T07:52:44+00:00","dateModified":"2026-01-30T08:06:19+00:00","breadcrumb":{"@id":"https:\/\/aquagenius.eu\/product\/globe-hydrate-500-ml\/#breadcrumb"},"inLanguage":"fr-FR","potentialAction":[{"@type":"ReadAction","target":["https:\/\/aquagenius.eu\/product\/globe-hydrate-500-ml\/"]}]},{"@type":"ImageObject","inLanguage":"fr-FR","@id":"https:\/\/aquagenius.eu\/product\/globe-hydrate-500-ml\/#primaryimage","url":"https:\/\/aquagenius.eu\/wp-content\/uploads\/2024\/04\/Rectangle-1888-4.png","contentUrl":"https:\/\/aquagenius.eu\/wp-content\/uploads\/2024\/04\/Rectangle-1888-4.png","width":556,"height":617},{"@type":"BreadcrumbList","@id":"https:\/\/aquagenius.eu\/product\/globe-hydrate-500-ml\/#breadcrumb","itemListElement":[{"@type":"ListItem","position":1,"name":"Home","item":"https:\/\/aquagenius.eu\/"},{"@type":"ListItem","position":2,"name":"Shop","item":"https:\/\/aquagenius.eu\/shop\/"},{"@type":"ListItem","position":3,"name":"GlobeHydrate 500 ML: Self-Cleaning UV Water Treatment Bottle &#8211; Insulated Stainless Steel Bottle &#8211; Rechargeable Bottle with Silicon Strap."}]},{"@type":"WebSite","@id":"https:\/\/aquagenius.eu\/#website","url":"https:\/\/aquagenius.eu\/","name":"AQUAGENIUS","description":"","publisher":{"@id":"https:\/\/aquagenius.eu\/#organization"},"potentialAction":[{"@type":"SearchAction","target":{"@type":"EntryPoint","urlTemplate":"https:\/\/aquagenius.eu\/?s={search_term_string}"},"query-input":{"@type":"PropertyValueSpecification","valueRequired":true,"valueName":"search_term_string"}}],"inLanguage":"fr-FR"},{"@type":"Organization","@id":"https:\/\/aquagenius.eu\/#organization","name":"AQUAGENIUS","url":"https:\/\/aquagenius.eu\/","logo":{"@type":"ImageObject","inLanguage":"fr-FR","@id":"https:\/\/aquagenius.eu\/#\/schema\/logo\/image\/","url":"https:\/\/aquagenius.eu\/wp-content\/uploads\/2024\/04\/Group-14673.svg","contentUrl":"https:\/\/aquagenius.eu\/wp-content\/uploads\/2024\/04\/Group-14673.svg","width":176,"height":65,"caption":"AQUAGENIUS"},"image":{"@id":"https:\/\/aquagenius.eu\/#\/schema\/logo\/image\/"}}]}},"uagb_featured_image_src":{"full":["https:\/\/aquagenius.eu\/wp-content\/uploads\/2024\/04\/Rectangle-1888-4.png",556,617,false],"thumbnail":["https:\/\/aquagenius.eu\/wp-content\/uploads\/2024\/04\/Rectangle-1888-4-150x150.png",150,150,true],"medium":["https:\/\/aquagenius.eu\/wp-content\/uploads\/2024\/04\/Rectangle-1888-4-270x300.png",270,300,true],"medium_large":["https:\/\/aquagenius.eu\/wp-content\/uploads\/2024\/04\/Rectangle-1888-4.png",556,617,false],"large":["https:\/\/aquagenius.eu\/wp-content\/uploads\/2024\/04\/Rectangle-1888-4.png",556,617,false],"1536x1536":["https:\/\/aquagenius.eu\/wp-content\/uploads\/2024\/04\/Rectangle-1888-4.png",556,617,false],"2048x2048":["https:\/\/aquagenius.eu\/wp-content\/uploads\/2024\/04\/Rectangle-1888-4.png",556,617,false],"trp-custom-language-flag":["https:\/\/aquagenius.eu\/wp-content\/uploads\/2024\/04\/Rectangle-1888-4.png",11,12,false],"wpgs_custom_main":["https:\/\/aquagenius.eu\/wp-content\/uploads\/2024\/04\/Rectangle-1888-4.png",360,400,false],"gform-image-choice-sm":["https:\/\/aquagenius.eu\/wp-content\/uploads\/2024\/04\/Rectangle-1888-4.png",270,300,false],"gform-image-choice-md":["https:\/\/aquagenius.eu\/wp-content\/uploads\/2024\/04\/Rectangle-1888-4.png",360,400,false],"gform-image-choice-lg":["https:\/\/aquagenius.eu\/wp-content\/uploads\/2024\/04\/Rectangle-1888-4.png",541,600,false],"woocommerce_thumbnail":["https:\/\/aquagenius.eu\/wp-content\/uploads\/2024\/04\/Rectangle-1888-4-300x333.png",300,333,true],"woocommerce_single":["https:\/\/aquagenius.eu\/wp-content\/uploads\/2024\/04\/Rectangle-1888-4.png",556,617,false],"woocommerce_gallery_thumbnail":["https:\/\/aquagenius.eu\/wp-content\/uploads\/2024\/04\/Rectangle-1888-4-100x100.png",100,100,true],"variation_swatches_image_size":["https:\/\/aquagenius.eu\/wp-content\/uploads\/2024\/04\/Rectangle-1888-4-50x50.png",50,50,true],"variation_swatches_tooltip_size":["https:\/\/aquagenius.eu\/wp-content\/uploads\/2024\/04\/Rectangle-1888-4-100x100.png",100,100,true]},"uagb_author_info":{"display_name":"admin","author_link":"https:\/\/aquagenius.eu\/fr\/author\/"},"uagb_comment_info":0,"uagb_excerpt":"Step into the wild with GlobeHydrate 500 ML, Compact Adventure Ally and ideal hydration companion for the intrepid traveler and outdoor enthusiast. Perfectly sized for convenience without compromising on the essential features that make GlobeHydrate 500 ML a favorite, this bottle is your ticket to staying hydrated wherever your journey takes you.","_links":{"self":[{"href":"https:\/\/aquagenius.eu\/fr\/wp-json\/wp\/v2\/product\/1968","targetHints":{"allow":["GET"]}}],"collection":[{"href":"https:\/\/aquagenius.eu\/fr\/wp-json\/wp\/v2\/product"}],"about":[{"href":"https:\/\/aquagenius.eu\/fr\/wp-json\/wp\/v2\/types\/product"}],"replies":[{"embeddable":true,"href":"https:\/\/aquagenius.eu\/fr\/wp-json\/wp\/v2\/comments?post=1968"}],"version-history":[{"count":0,"href":"https:\/\/aquagenius.eu\/fr\/wp-json\/wp\/v2\/product\/1968\/revisions"}],"wp:featuredmedia":[{"embeddable":true,"href":"https:\/\/aquagenius.eu\/fr\/wp-json\/wp\/v2\/media\/1991"}],"wp:attachment":[{"href":"https:\/\/aquagenius.eu\/fr\/wp-json\/wp\/v2\/media?parent=1968"}],"wp:term":[{"taxonomy":"product_brand","embeddable":true,"href":"https:\/\/aquagenius.eu\/fr\/wp-json\/wp\/v2\/product_brand?post=1968"},{"taxonomy":"product_cat","embeddable":true,"href":"https:\/\/aquagenius.eu\/fr\/wp-json\/wp\/v2\/product_cat?post=1968"},{"taxonomy":"product_tag","embeddable":true,"href":"https:\/\/aquagenius.eu\/fr\/wp-json\/wp\/v2\/product_tag?post=1968"}],"curies":[{"name":"wp","href":"https:\/\/api.w.org\/{rel}","templated":true}]}}