{"id":2485,"date":"2024-05-10T08:24:49","date_gmt":"2024-05-10T08:24:49","guid":{"rendered":"https:\/\/aquagenius.eu\/?post_type=product&#038;p=2485"},"modified":"2026-01-30T08:06:19","modified_gmt":"2026-01-30T08:06:19","slug":"globe-hydrate-750-ml","status":"publish","type":"product","link":"https:\/\/aquagenius.eu\/fr\/produit\/globe-hydrate-750-ml\/","title":{"rendered":"GlobeHydrate 750 ML : Bouteille d'Eau Intelligente Avec Traitement UV Et Autonettoyante - Bouteille Isol\u00e9e En Acier Inoxydable - Bouteille Rechargeable Avec Sangle Pliable"},"content":{"rendered":"<p><span style=\"font-weight: 400;\">Faites l'exp\u00e9rience d'une libert\u00e9 et d'une tranquillit\u00e9 d'esprit in\u00e9gal\u00e9es avec le GlobeHydrate 750 ML, votre compagnon d'hydratation ultime sans fronti\u00e8res. Que vous parcouriez les rues anim\u00e9es d'une ville \u00e9trang\u00e8re, conqu\u00e9riez l'immensit\u00e9 du d\u00e9sert ou parcouriez les sentiers isol\u00e9s des endroits les plus recul\u00e9s du monde, le GlobeHydrate 750 ML est con\u00e7u pour r\u00e9pondre \u00e0 l'esprit d'aventure qui sommeille en vous. <\/span><\/p>","protected":false},"excerpt":{"rendered":"<p>Experience unparalleled freedom and peace of mind with the GlobeHydrate 750 ML, your ultimate hydration companion without borders. Whether you&#8217;re traversing the vibrant streets of a foreign city, conquering the vastness of a desert horseback, or navigating the secluded trails of the world&#8217;s most remote locations, the GlobeHydrate 750 ML is designed to cater to [&hellip;]<\/p>","protected":false},"featured_media":3062,"comment_status":"open","ping_status":"closed","template":"","meta":{"_acf_changed":false,"_uag_custom_page_level_css":""},"product_brand":[],"product_cat":[37],"product_tag":[],"class_list":{"0":"post-2485","1":"product","2":"type-product","3":"status-publish","4":"has-post-thumbnail","6":"product_cat-globe-hydrate-750-ml","7":"tm-no-options","9":"first","10":"instock","11":"sale","12":"taxable","13":"shipping-taxable","14":"purchasable","15":"product-type-variable","16":"wvs-archive-product-wrapper"},"composite_virtual":false,"composite_layout":"","composite_add_to_cart_form_location":"","composite_editable_in_cart":false,"composite_sold_individually_context":"","composite_shop_price_calc":"","composite_components":[],"composite_scenarios":[],"acf":[],"yoast_head":"<!-- This site is optimized with the Yoast SEO plugin v25.6 - https:\/\/yoast.com\/wordpress\/plugins\/seo\/ -->\n<title>Globe Hydrate 750 ML: Self-Cleaning UV Water Treatment Bottle \u2013 Insulated Stainless Steel Bottle \u2013 Rechargeable Bottle With Foldable Strap - AQUAGENIUS<\/title>\n<meta name=\"robots\" content=\"index, follow, max-snippet:-1, max-image-preview:large, max-video-preview:-1\" \/>\n<link rel=\"canonical\" href=\"https:\/\/aquagenius.eu\/fr\/produit\/globe-hydrate-750-ml\/\" \/>\n<meta property=\"og:locale\" content=\"fr_FR\" \/>\n<meta property=\"og:type\" content=\"article\" \/>\n<meta property=\"og:title\" content=\"Globe Hydrate 750 ML: Self-Cleaning UV Water Treatment Bottle \u2013 Insulated Stainless Steel Bottle \u2013 Rechargeable Bottle With Foldable Strap - AQUAGENIUS\" \/>\n<meta property=\"og:description\" content=\"Experience unparalleled freedom and peace of mind with the GlobeHydrate 750 ML, your ultimate hydration companion without borders. Whether you&#8217;re traversing the vibrant streets of a foreign city, conquering the vastness of a desert horseback, or navigating the secluded trails of the world&#8217;s most remote locations, the GlobeHydrate 750 ML is designed to cater to [&hellip;]\" \/>\n<meta property=\"og:url\" content=\"https:\/\/aquagenius.eu\/fr\/produit\/globe-hydrate-750-ml\/\" \/>\n<meta property=\"og:site_name\" content=\"AQUAGENIUS\" \/>\n<meta property=\"article:modified_time\" content=\"2026-01-30T08:06:19+00:00\" \/>\n<meta property=\"og:image\" content=\"https:\/\/aquagenius.eu\/wp-content\/uploads\/2024\/05\/Active-750-1.jpg\" \/>\n\t<meta property=\"og:image:width\" content=\"1000\" \/>\n\t<meta property=\"og:image:height\" content=\"1333\" \/>\n\t<meta property=\"og:image:type\" content=\"image\/jpeg\" \/>\n<meta name=\"twitter:card\" content=\"summary_large_image\" \/>\n<meta name=\"twitter:label1\" content=\"Dur\u00e9e de lecture estim\u00e9e\" \/>\n\t<meta name=\"twitter:data1\" content=\"1 minute\" \/>\n<script type=\"application\/ld+json\" class=\"yoast-schema-graph\">{\"@context\":\"https:\/\/schema.org\",\"@graph\":[{\"@type\":\"WebPage\",\"@id\":\"https:\/\/aquagenius.eu\/product\/globe-hydrate-750-ml\/\",\"url\":\"https:\/\/aquagenius.eu\/product\/globe-hydrate-750-ml\/\",\"name\":\"Globe Hydrate 750 ML: Self-Cleaning UV Water Treatment Bottle \u2013 Insulated Stainless Steel Bottle \u2013 Rechargeable Bottle With Foldable Strap - AQUAGENIUS\",\"isPartOf\":{\"@id\":\"https:\/\/aquagenius.eu\/#website\"},\"primaryImageOfPage\":{\"@id\":\"https:\/\/aquagenius.eu\/product\/globe-hydrate-750-ml\/#primaryimage\"},\"image\":{\"@id\":\"https:\/\/aquagenius.eu\/product\/globe-hydrate-750-ml\/#primaryimage\"},\"thumbnailUrl\":\"https:\/\/aquagenius.eu\/wp-content\/uploads\/2024\/05\/Active-750-1.jpg\",\"datePublished\":\"2024-05-10T08:24:49+00:00\",\"dateModified\":\"2026-01-30T08:06:19+00:00\",\"breadcrumb\":{\"@id\":\"https:\/\/aquagenius.eu\/product\/globe-hydrate-750-ml\/#breadcrumb\"},\"inLanguage\":\"fr-FR\",\"potentialAction\":[{\"@type\":\"ReadAction\",\"target\":[\"https:\/\/aquagenius.eu\/product\/globe-hydrate-750-ml\/\"]}]},{\"@type\":\"ImageObject\",\"inLanguage\":\"fr-FR\",\"@id\":\"https:\/\/aquagenius.eu\/product\/globe-hydrate-750-ml\/#primaryimage\",\"url\":\"https:\/\/aquagenius.eu\/wp-content\/uploads\/2024\/05\/Active-750-1.jpg\",\"contentUrl\":\"https:\/\/aquagenius.eu\/wp-content\/uploads\/2024\/05\/Active-750-1.jpg\",\"width\":1000,\"height\":1333},{\"@type\":\"BreadcrumbList\",\"@id\":\"https:\/\/aquagenius.eu\/product\/globe-hydrate-750-ml\/#breadcrumb\",\"itemListElement\":[{\"@type\":\"ListItem\",\"position\":1,\"name\":\"Home\",\"item\":\"https:\/\/aquagenius.eu\/\"},{\"@type\":\"ListItem\",\"position\":2,\"name\":\"Shop\",\"item\":\"https:\/\/aquagenius.eu\/shop\/\"},{\"@type\":\"ListItem\",\"position\":3,\"name\":\"Globe Hydrate 750 ML: Self-Cleaning UV Water Treatment Bottle \u2013 Insulated Stainless Steel Bottle \u2013 Rechargeable Bottle With Foldable Strap\"}]},{\"@type\":\"WebSite\",\"@id\":\"https:\/\/aquagenius.eu\/#website\",\"url\":\"https:\/\/aquagenius.eu\/\",\"name\":\"AQUAGENIUS\",\"description\":\"\",\"publisher\":{\"@id\":\"https:\/\/aquagenius.eu\/#organization\"},\"potentialAction\":[{\"@type\":\"SearchAction\",\"target\":{\"@type\":\"EntryPoint\",\"urlTemplate\":\"https:\/\/aquagenius.eu\/?s={search_term_string}\"},\"query-input\":{\"@type\":\"PropertyValueSpecification\",\"valueRequired\":true,\"valueName\":\"search_term_string\"}}],\"inLanguage\":\"fr-FR\"},{\"@type\":\"Organization\",\"@id\":\"https:\/\/aquagenius.eu\/#organization\",\"name\":\"AQUAGENIUS\",\"url\":\"https:\/\/aquagenius.eu\/\",\"logo\":{\"@type\":\"ImageObject\",\"inLanguage\":\"fr-FR\",\"@id\":\"https:\/\/aquagenius.eu\/#\/schema\/logo\/image\/\",\"url\":\"https:\/\/aquagenius.eu\/wp-content\/uploads\/2024\/04\/Group-14673.svg\",\"contentUrl\":\"https:\/\/aquagenius.eu\/wp-content\/uploads\/2024\/04\/Group-14673.svg\",\"width\":176,\"height\":65,\"caption\":\"AQUAGENIUS\"},\"image\":{\"@id\":\"https:\/\/aquagenius.eu\/#\/schema\/logo\/image\/\"}}]}<\/script>\n<!-- \/ Yoast SEO plugin. -->","yoast_head_json":{"title":"Globe Hydrate 750 ML: Self-Cleaning UV Water Treatment Bottle \u2013 Insulated Stainless Steel Bottle \u2013 Rechargeable Bottle With Foldable Strap - AQUAGENIUS","robots":{"index":"index","follow":"follow","max-snippet":"max-snippet:-1","max-image-preview":"max-image-preview:large","max-video-preview":"max-video-preview:-1"},"canonical":"https:\/\/aquagenius.eu\/fr\/produit\/globe-hydrate-750-ml\/","og_locale":"fr_FR","og_type":"article","og_title":"Globe Hydrate 750 ML: Self-Cleaning UV Water Treatment Bottle \u2013 Insulated Stainless Steel Bottle \u2013 Rechargeable Bottle With Foldable Strap - AQUAGENIUS","og_description":"Experience unparalleled freedom and peace of mind with the GlobeHydrate 750 ML, your ultimate hydration companion without borders. Whether you&#8217;re traversing the vibrant streets of a foreign city, conquering the vastness of a desert horseback, or navigating the secluded trails of the world&#8217;s most remote locations, the GlobeHydrate 750 ML is designed to cater to [&hellip;]","og_url":"https:\/\/aquagenius.eu\/fr\/produit\/globe-hydrate-750-ml\/","og_site_name":"AQUAGENIUS","article_modified_time":"2026-01-30T08:06:19+00:00","og_image":[{"width":1000,"height":1333,"url":"https:\/\/aquagenius.eu\/wp-content\/uploads\/2024\/05\/Active-750-1.jpg","type":"image\/jpeg"}],"twitter_card":"summary_large_image","twitter_misc":{"Dur\u00e9e de lecture estim\u00e9e":"1 minute"},"schema":{"@context":"https:\/\/schema.org","@graph":[{"@type":"WebPage","@id":"https:\/\/aquagenius.eu\/product\/globe-hydrate-750-ml\/","url":"https:\/\/aquagenius.eu\/product\/globe-hydrate-750-ml\/","name":"Globe Hydrate 750 ML: Self-Cleaning UV Water Treatment Bottle \u2013 Insulated Stainless Steel Bottle \u2013 Rechargeable Bottle With Foldable Strap - AQUAGENIUS","isPartOf":{"@id":"https:\/\/aquagenius.eu\/#website"},"primaryImageOfPage":{"@id":"https:\/\/aquagenius.eu\/product\/globe-hydrate-750-ml\/#primaryimage"},"image":{"@id":"https:\/\/aquagenius.eu\/product\/globe-hydrate-750-ml\/#primaryimage"},"thumbnailUrl":"https:\/\/aquagenius.eu\/wp-content\/uploads\/2024\/05\/Active-750-1.jpg","datePublished":"2024-05-10T08:24:49+00:00","dateModified":"2026-01-30T08:06:19+00:00","breadcrumb":{"@id":"https:\/\/aquagenius.eu\/product\/globe-hydrate-750-ml\/#breadcrumb"},"inLanguage":"fr-FR","potentialAction":[{"@type":"ReadAction","target":["https:\/\/aquagenius.eu\/product\/globe-hydrate-750-ml\/"]}]},{"@type":"ImageObject","inLanguage":"fr-FR","@id":"https:\/\/aquagenius.eu\/product\/globe-hydrate-750-ml\/#primaryimage","url":"https:\/\/aquagenius.eu\/wp-content\/uploads\/2024\/05\/Active-750-1.jpg","contentUrl":"https:\/\/aquagenius.eu\/wp-content\/uploads\/2024\/05\/Active-750-1.jpg","width":1000,"height":1333},{"@type":"BreadcrumbList","@id":"https:\/\/aquagenius.eu\/product\/globe-hydrate-750-ml\/#breadcrumb","itemListElement":[{"@type":"ListItem","position":1,"name":"Home","item":"https:\/\/aquagenius.eu\/"},{"@type":"ListItem","position":2,"name":"Shop","item":"https:\/\/aquagenius.eu\/shop\/"},{"@type":"ListItem","position":3,"name":"Globe Hydrate 750 ML: Self-Cleaning UV Water Treatment Bottle \u2013 Insulated Stainless Steel Bottle \u2013 Rechargeable Bottle With Foldable Strap"}]},{"@type":"WebSite","@id":"https:\/\/aquagenius.eu\/#website","url":"https:\/\/aquagenius.eu\/","name":"AQUAGENIUS","description":"","publisher":{"@id":"https:\/\/aquagenius.eu\/#organization"},"potentialAction":[{"@type":"SearchAction","target":{"@type":"EntryPoint","urlTemplate":"https:\/\/aquagenius.eu\/?s={search_term_string}"},"query-input":{"@type":"PropertyValueSpecification","valueRequired":true,"valueName":"search_term_string"}}],"inLanguage":"fr-FR"},{"@type":"Organization","@id":"https:\/\/aquagenius.eu\/#organization","name":"AQUAGENIUS","url":"https:\/\/aquagenius.eu\/","logo":{"@type":"ImageObject","inLanguage":"fr-FR","@id":"https:\/\/aquagenius.eu\/#\/schema\/logo\/image\/","url":"https:\/\/aquagenius.eu\/wp-content\/uploads\/2024\/04\/Group-14673.svg","contentUrl":"https:\/\/aquagenius.eu\/wp-content\/uploads\/2024\/04\/Group-14673.svg","width":176,"height":65,"caption":"AQUAGENIUS"},"image":{"@id":"https:\/\/aquagenius.eu\/#\/schema\/logo\/image\/"}}]}},"uagb_featured_image_src":{"full":["https:\/\/aquagenius.eu\/wp-content\/uploads\/2024\/05\/Active-750-1.jpg",1000,1333,false],"thumbnail":["https:\/\/aquagenius.eu\/wp-content\/uploads\/2024\/05\/Active-750-1-150x150.jpg",150,150,true],"medium":["https:\/\/aquagenius.eu\/wp-content\/uploads\/2024\/05\/Active-750-1-225x300.jpg",225,300,true],"medium_large":["https:\/\/aquagenius.eu\/wp-content\/uploads\/2024\/05\/Active-750-1-768x1024.jpg",768,1024,true],"large":["https:\/\/aquagenius.eu\/wp-content\/uploads\/2024\/05\/Active-750-1-768x1024.jpg",768,1024,true],"1536x1536":["https:\/\/aquagenius.eu\/wp-content\/uploads\/2024\/05\/Active-750-1.jpg",1000,1333,false],"2048x2048":["https:\/\/aquagenius.eu\/wp-content\/uploads\/2024\/05\/Active-750-1.jpg",1000,1333,false],"trp-custom-language-flag":["https:\/\/aquagenius.eu\/wp-content\/uploads\/2024\/05\/Active-750-1.jpg",9,12,false],"wpgs_custom_main":["https:\/\/aquagenius.eu\/wp-content\/uploads\/2024\/05\/Active-750-1.jpg",300,400,false],"gform-image-choice-sm":["https:\/\/aquagenius.eu\/wp-content\/uploads\/2024\/05\/Active-750-1.jpg",225,300,false],"gform-image-choice-md":["https:\/\/aquagenius.eu\/wp-content\/uploads\/2024\/05\/Active-750-1.jpg",300,400,false],"gform-image-choice-lg":["https:\/\/aquagenius.eu\/wp-content\/uploads\/2024\/05\/Active-750-1.jpg",450,600,false],"woocommerce_thumbnail":["https:\/\/aquagenius.eu\/wp-content\/uploads\/2024\/05\/Active-750-1-300x400.jpg",300,400,true],"woocommerce_single":["https:\/\/aquagenius.eu\/wp-content\/uploads\/2024\/05\/Active-750-1-600x800.jpg",600,800,true],"woocommerce_gallery_thumbnail":["https:\/\/aquagenius.eu\/wp-content\/uploads\/2024\/05\/Active-750-1-100x100.jpg",100,100,true],"variation_swatches_image_size":["https:\/\/aquagenius.eu\/wp-content\/uploads\/2024\/05\/Active-750-1-50x50.jpg",50,50,true],"variation_swatches_tooltip_size":["https:\/\/aquagenius.eu\/wp-content\/uploads\/2024\/05\/Active-750-1-100x100.jpg",100,100,true]},"uagb_author_info":{"display_name":"admin","author_link":"https:\/\/aquagenius.eu\/fr\/author\/"},"uagb_comment_info":0,"uagb_excerpt":"Experience unparalleled freedom and peace of mind with the GlobeHydrate 750 ML, your ultimate hydration companion without borders. Whether you&#8217;re traversing the vibrant streets of a foreign city, conquering the vastness of a desert horseback, or navigating the secluded trails of the world&#8217;s most remote locations, the GlobeHydrate 750 ML is designed to cater to\u2026","_links":{"self":[{"href":"https:\/\/aquagenius.eu\/fr\/wp-json\/wp\/v2\/product\/2485","targetHints":{"allow":["GET"]}}],"collection":[{"href":"https:\/\/aquagenius.eu\/fr\/wp-json\/wp\/v2\/product"}],"about":[{"href":"https:\/\/aquagenius.eu\/fr\/wp-json\/wp\/v2\/types\/product"}],"replies":[{"embeddable":true,"href":"https:\/\/aquagenius.eu\/fr\/wp-json\/wp\/v2\/comments?post=2485"}],"version-history":[{"count":0,"href":"https:\/\/aquagenius.eu\/fr\/wp-json\/wp\/v2\/product\/2485\/revisions"}],"wp:featuredmedia":[{"embeddable":true,"href":"https:\/\/aquagenius.eu\/fr\/wp-json\/wp\/v2\/media\/3062"}],"wp:attachment":[{"href":"https:\/\/aquagenius.eu\/fr\/wp-json\/wp\/v2\/media?parent=2485"}],"wp:term":[{"taxonomy":"product_brand","embeddable":true,"href":"https:\/\/aquagenius.eu\/fr\/wp-json\/wp\/v2\/product_brand?post=2485"},{"taxonomy":"product_cat","embeddable":true,"href":"https:\/\/aquagenius.eu\/fr\/wp-json\/wp\/v2\/product_cat?post=2485"},{"taxonomy":"product_tag","embeddable":true,"href":"https:\/\/aquagenius.eu\/fr\/wp-json\/wp\/v2\/product_tag?post=2485"}],"curies":[{"name":"wp","href":"https:\/\/api.w.org\/{rel}","templated":true}]}}